{"id":49128,"date":"2025-09-10T15:24:04","date_gmt":"2025-09-10T13:24:04","guid":{"rendered":"https:\/\/www.soroptimisteurope.org\/ecosoc-nations-unies\/"},"modified":"2025-10-14T14:03:41","modified_gmt":"2025-10-14T12:03:41","slug":"ecosoc-nations-unies","status":"publish","type":"page","link":"https:\/\/www.soroptimisteurope.org\/fr\/lobbying\/ecosoc-nations-unies\/","title":{"rendered":"ECOSOC Nations Unies"},"content":{"rendered":"\t\t<div data-elementor-type=\"wp-page\" data-elementor-id=\"49128\" class=\"elementor elementor-49128 elementor-47644\" data-elementor-post-type=\"page\">\n\t\t\t\t<div class=\"elementor-element elementor-element-5749e7f e-flex e-con-boxed e-con e-parent\" data-id=\"5749e7f\" data-element_type=\"container\" data-e-type=\"container\" data-settings=\"{&quot;background_background&quot;:&quot;classic&quot;,&quot;shape_divider_bottom&quot;:&quot;waves&quot;}\">\n\t\t\t\t\t<div class=\"e-con-inner\">\n\t\t\t\t<div class=\"elementor-shape elementor-shape-bottom\" aria-hidden=\"true\" data-negative=\"false\">\n\t\t\t<svg xmlns=\"http:\/\/www.w3.org\/2000\/svg\" viewBox=\"0 0 1000 100\" preserveAspectRatio=\"none\">\n\t<path class=\"elementor-shape-fill\" d=\"M421.9,6.5c22.6-2.5,51.5,0.4,75.5,5.3c23.6,4.9,70.9,23.5,100.5,35.7c75.8,32.2,133.7,44.5,192.6,49.7\n\tc23.6,2.1,48.7,3.5,103.4-2.5c54.7-6,106.2-25.6,106.2-25.6V0H0v30.3c0,0,72,32.6,158.4,30.5c39.2-0.7,92.8-6.7,134-22.4\n\tc21.2-8.1,52.2-18.2,79.7-24.2C399.3,7.9,411.6,7.5,421.9,6.5z\"\/>\n<\/svg>\t\t<\/div>\n\t\t\t\t<div class=\"elementor-element elementor-element-537de1f elementor-widget elementor-widget-heading\" data-id=\"537de1f\" data-element_type=\"widget\" data-e-type=\"widget\" data-widget_type=\"heading.default\">\n\t\t\t\t<div class=\"elementor-widget-container\">\n\t\t\t\t\t<div class=\"elementor-heading-title elementor-size-default\">ECOSOC Nations Unies<\/div>\t\t\t\t<\/div>\n\t\t\t\t<\/div>\n\t\t\t\t\t<\/div>\n\t\t\t\t<\/div>\n\t\t<div class=\"elementor-element elementor-element-a534ca7 e-flex e-con-boxed e-con e-parent\" data-id=\"a534ca7\" data-element_type=\"container\" data-e-type=\"container\">\n\t\t\t\t\t<div class=\"e-con-inner\">\n\t\t\t\t<div class=\"elementor-element elementor-element-7420d7b elementor-widget elementor-widget-heading\" data-id=\"7420d7b\" data-element_type=\"widget\" data-e-type=\"widget\" data-widget_type=\"heading.default\">\n\t\t\t\t<div class=\"elementor-widget-container\">\n\t\t\t\t\t<div class=\"elementor-heading-title elementor-size-default\">Accueil<\/div>\t\t\t\t<\/div>\n\t\t\t\t<\/div>\n\t\t\t\t<div class=\"elementor-element elementor-element-441c917 elementor-widget elementor-widget-heading\" data-id=\"441c917\" data-element_type=\"widget\" data-e-type=\"widget\" data-widget_type=\"heading.default\">\n\t\t\t\t<div class=\"elementor-widget-container\">\n\t\t\t\t\t<h2 class=\"elementor-heading-title elementor-size-default\">&gt;<\/h2>\t\t\t\t<\/div>\n\t\t\t\t<\/div>\n\t\t\t\t<div class=\"elementor-element elementor-element-835d733 elementor-widget elementor-widget-heading\" data-id=\"835d733\" data-element_type=\"widget\" data-e-type=\"widget\" data-widget_type=\"heading.default\">\n\t\t\t\t<div class=\"elementor-widget-container\">\n\t\t\t\t\t<div class=\"elementor-heading-title elementor-size-default\">Ce que nous faisons<\/div>\t\t\t\t<\/div>\n\t\t\t\t<\/div>\n\t\t\t\t<div class=\"elementor-element elementor-element-ad50d1d elementor-widget elementor-widget-heading\" data-id=\"ad50d1d\" data-element_type=\"widget\" data-e-type=\"widget\" data-widget_type=\"heading.default\">\n\t\t\t\t<div class=\"elementor-widget-container\">\n\t\t\t\t\t<h2 class=\"elementor-heading-title elementor-size-default\">&gt;<\/h2>\t\t\t\t<\/div>\n\t\t\t\t<\/div>\n\t\t\t\t<div class=\"elementor-element elementor-element-4060104 elementor-widget elementor-widget-heading\" data-id=\"4060104\" data-element_type=\"widget\" data-e-type=\"widget\" data-widget_type=\"heading.default\">\n\t\t\t\t<div class=\"elementor-widget-container\">\n\t\t\t\t\t<div class=\"elementor-heading-title elementor-size-default\">Lobbying<\/div>\t\t\t\t<\/div>\n\t\t\t\t<\/div>\n\t\t\t\t<div class=\"elementor-element elementor-element-8a6eb6e elementor-widget elementor-widget-heading\" data-id=\"8a6eb6e\" data-element_type=\"widget\" data-e-type=\"widget\" data-widget_type=\"heading.default\">\n\t\t\t\t<div class=\"elementor-widget-container\">\n\t\t\t\t\t<h2 class=\"elementor-heading-title elementor-size-default\">&gt;<\/h2>\t\t\t\t<\/div>\n\t\t\t\t<\/div>\n\t\t\t\t<div class=\"elementor-element elementor-element-34ba897 elementor-widget elementor-widget-heading\" data-id=\"34ba897\" data-element_type=\"widget\" data-e-type=\"widget\" data-widget_type=\"heading.default\">\n\t\t\t\t<div class=\"elementor-widget-container\">\n\t\t\t\t\t<h2 class=\"elementor-heading-title elementor-size-default\">ECOSOC Nations Unies<\/h2>\t\t\t\t<\/div>\n\t\t\t\t<\/div>\n\t\t\t\t\t<\/div>\n\t\t\t\t<\/div>\n\t\t<div class=\"elementor-element elementor-element-23484e5 e-grid e-con-boxed e-con e-parent\" data-id=\"23484e5\" data-element_type=\"container\" data-e-type=\"container\">\n\t\t\t\t\t<div class=\"e-con-inner\">\n\t\t<div class=\"elementor-element elementor-element-d66ea56 e-con-full e-flex e-con e-child\" data-id=\"d66ea56\" data-element_type=\"container\" data-e-type=\"container\">\n\t\t\t\t<div class=\"elementor-element elementor-element-b56ba7f elementor-widget elementor-widget-text-editor\" data-id=\"b56ba7f\" data-element_type=\"widget\" data-e-type=\"widget\" data-widget_type=\"text-editor.default\">\n\t\t\t\t<div class=\"elementor-widget-container\">\n\t\t\t\t\t\t\t\t\t<p>Avec seulement 150 autres ONG, le Soroptimist International d&rsquo;Europe (SIE) b\u00e9n\u00e9ficie d&rsquo;un statut consultatif g\u00e9n\u00e9ral aupr\u00e8s du Conseil \u00e9conomique et social des Nations unies (ECOSOC). Ce statut permet aux Soroptimist d&rsquo;agir en tant que d\u00e9fenseurs des droits des femmes et de l&rsquo;am\u00e9lioration de la vie des femmes en faisant des d\u00e9clarations politiques et en participant \u00e0 des panels, des r\u00e9unions et des tables rondes organis\u00e9s par les Nations Unies. <\/p><p>Gr\u00e2ce \u00e0 son statut ECOSOC, le Soroptimist International d&rsquo;Europe participe aux travaux de la Commission de la condition de la femme (CSW) des Nations Unies. Les repr\u00e9sentantes du Soroptimist partagent leur exp\u00e9rience et leurs meilleures pratiques avec le Comit\u00e9 des ONG de la CSW tout au long de l&rsquo;ann\u00e9e et participent \u00e0 la session annuelle de la CSW aux Nations Unies \u00e0 New York. Lors de ces sessions, elles prennent part \u00e0 des sessions nationales et dirig\u00e9es par des ONG afin de soulever les pr\u00e9occupations des femmes dans les 62 pays o\u00f9 le SIE est actif et de d\u00e9fendre les int\u00e9r\u00eats de leurs membres et des femmes du monde entier.  <\/p><p>Le Soroptimist International d&rsquo;Europe contribue \u00e9galement au travail du Comit\u00e9 des Nations unies pour l&rsquo;\u00e9limination de toutes les formes de discrimination \u00e0 l&rsquo;\u00e9gard des femmes (CEDAW), qui se r\u00e9unit plusieurs fois par an \u00e0 Gen\u00e8ve, et au travail du Conseil des droits de l&rsquo;homme des Nations Unies, qui aborde souvent des questions int\u00e9ressant les femmes.<\/p><p>Enfin, par l&rsquo;interm\u00e9diaire de leurs repr\u00e9sentantes permanentes, les Soroptimist sont pr\u00e9sentes dans les centres des Nations Unies \u00e0 New York, Gen\u00e8ve et Vienne, \u00e0 l&rsquo;UNESCO \u00e0 Paris, \u00e0 la FAO \u00e0 Rome et au PNUE \u00e0 Gen\u00e8ve.<\/p>\t\t\t\t\t\t\t\t<\/div>\n\t\t\t\t<\/div>\n\t\t\t\t<\/div>\n\t\t<div class=\"elementor-element elementor-element-97633e3 e-con-full e-flex e-con e-child\" data-id=\"97633e3\" data-element_type=\"container\" data-e-type=\"container\">\n\t\t\t\t<\/div>\n\t\t\t\t\t<\/div>\n\t\t\t\t<\/div>\n\t\t\t\t<\/div>\n\t\t","protected":false},"excerpt":{"rendered":"<p>Accueil &gt; Ce que nous faisons &gt; Lobbying &gt; Avec seulement 150 autres ONG, le Soroptimist International d&rsquo;Europe (SIE) b\u00e9n\u00e9ficie d&rsquo;un statut consultatif g\u00e9n\u00e9ral aupr\u00e8s du Conseil \u00e9conomique et social [&hellip;]<\/p>\n","protected":false},"author":6,"featured_media":0,"parent":49240,"menu_order":12,"comment_status":"closed","ping_status":"closed","template":"","meta":{"_acf_changed":false,"give_campaign_id":0,"footnotes":""},"class_list":["post-49128","page","type-page","status-publish","hentry"],"acf":{"article_photo_de_couverture":"","article_chapeau":null,"article_contenu":null,"article_video":"","article_documents":"","article_actualites_liees":""},"yoast_head":"<!-- This site is optimized with the Yoast SEO plugin v27.4 - https:\/\/yoast.com\/product\/yoast-seo-wordpress\/ -->\n<title>ECOSOC Nations Unies - Soroptimist<\/title>\n<meta name=\"robots\" content=\"index, follow, max-snippet:-1, max-image-preview:large, max-video-preview:-1\" \/>\n<link rel=\"canonical\" href=\"https:\/\/www.soroptimisteurope.org\/fr\/lobbying\/ecosoc-nations-unies\/\" \/>\n<meta property=\"og:locale\" content=\"fr_FR\" \/>\n<meta property=\"og:type\" content=\"article\" \/>\n<meta property=\"og:title\" content=\"ECOSOC Nations Unies - Soroptimist\" \/>\n<meta property=\"og:description\" content=\"Accueil &gt; Ce que nous faisons &gt; Lobbying &gt; Avec seulement 150 autres ONG, le Soroptimist International d&rsquo;Europe (SIE) b\u00e9n\u00e9ficie d&rsquo;un statut consultatif g\u00e9n\u00e9ral aupr\u00e8s du Conseil \u00e9conomique et social [&hellip;]\" \/>\n<meta property=\"og:url\" content=\"https:\/\/www.soroptimisteurope.org\/fr\/lobbying\/ecosoc-nations-unies\/\" \/>\n<meta property=\"og:site_name\" content=\"Soroptimist\" \/>\n<meta property=\"article:modified_time\" content=\"2025-10-14T12:03:41+00:00\" \/>\n<meta name=\"twitter:card\" content=\"summary_large_image\" \/>\n<meta name=\"twitter:label1\" content=\"Dur\u00e9e de lecture estim\u00e9e\" \/>\n\t<meta name=\"twitter:data1\" content=\"1 minute\" \/>\n<script type=\"application\/ld+json\" class=\"yoast-schema-graph\">{\"@context\":\"https:\\\/\\\/schema.org\",\"@graph\":[{\"@type\":\"WebPage\",\"@id\":\"https:\\\/\\\/www.soroptimisteurope.org\\\/fr\\\/lobbying\\\/ecosoc-nations-unies\\\/\",\"url\":\"https:\\\/\\\/www.soroptimisteurope.org\\\/fr\\\/lobbying\\\/ecosoc-nations-unies\\\/\",\"name\":\"ECOSOC Nations Unies - Soroptimist\",\"isPartOf\":{\"@id\":\"https:\\\/\\\/www.soroptimisteurope.org\\\/#website\"},\"datePublished\":\"2025-09-10T13:24:04+00:00\",\"dateModified\":\"2025-10-14T12:03:41+00:00\",\"breadcrumb\":{\"@id\":\"https:\\\/\\\/www.soroptimisteurope.org\\\/fr\\\/lobbying\\\/ecosoc-nations-unies\\\/#breadcrumb\"},\"inLanguage\":\"fr-FR\",\"potentialAction\":[{\"@type\":\"ReadAction\",\"target\":[\"https:\\\/\\\/www.soroptimisteurope.org\\\/fr\\\/lobbying\\\/ecosoc-nations-unies\\\/\"]}]},{\"@type\":\"BreadcrumbList\",\"@id\":\"https:\\\/\\\/www.soroptimisteurope.org\\\/fr\\\/lobbying\\\/ecosoc-nations-unies\\\/#breadcrumb\",\"itemListElement\":[{\"@type\":\"ListItem\",\"position\":1,\"name\":\"Accueil\",\"item\":\"https:\\\/\\\/www.soroptimisteurope.org\\\/fr\\\/\"},{\"@type\":\"ListItem\",\"position\":2,\"name\":\"Lobbying\",\"item\":\"https:\\\/\\\/www.soroptimisteurope.org\\\/fr\\\/lobbying\\\/\"},{\"@type\":\"ListItem\",\"position\":3,\"name\":\"ECOSOC Nations Unies\"}]},{\"@type\":\"WebSite\",\"@id\":\"https:\\\/\\\/www.soroptimisteurope.org\\\/#website\",\"url\":\"https:\\\/\\\/www.soroptimisteurope.org\\\/\",\"name\":\"Soroptimist\",\"description\":\"\",\"potentialAction\":[{\"@type\":\"SearchAction\",\"target\":{\"@type\":\"EntryPoint\",\"urlTemplate\":\"https:\\\/\\\/www.soroptimisteurope.org\\\/?s={search_term_string}\"},\"query-input\":{\"@type\":\"PropertyValueSpecification\",\"valueRequired\":true,\"valueName\":\"search_term_string\"}}],\"inLanguage\":\"fr-FR\"}]}<\/script>\n<!-- \/ Yoast SEO plugin. -->","yoast_head_json":{"title":"ECOSOC Nations Unies - Soroptimist","robots":{"index":"index","follow":"follow","max-snippet":"max-snippet:-1","max-image-preview":"max-image-preview:large","max-video-preview":"max-video-preview:-1"},"canonical":"https:\/\/www.soroptimisteurope.org\/fr\/lobbying\/ecosoc-nations-unies\/","og_locale":"fr_FR","og_type":"article","og_title":"ECOSOC Nations Unies - Soroptimist","og_description":"Accueil &gt; Ce que nous faisons &gt; Lobbying &gt; Avec seulement 150 autres ONG, le Soroptimist International d&rsquo;Europe (SIE) b\u00e9n\u00e9ficie d&rsquo;un statut consultatif g\u00e9n\u00e9ral aupr\u00e8s du Conseil \u00e9conomique et social [&hellip;]","og_url":"https:\/\/www.soroptimisteurope.org\/fr\/lobbying\/ecosoc-nations-unies\/","og_site_name":"Soroptimist","article_modified_time":"2025-10-14T12:03:41+00:00","twitter_card":"summary_large_image","twitter_misc":{"Dur\u00e9e de lecture estim\u00e9e":"1 minute"},"schema":{"@context":"https:\/\/schema.org","@graph":[{"@type":"WebPage","@id":"https:\/\/www.soroptimisteurope.org\/fr\/lobbying\/ecosoc-nations-unies\/","url":"https:\/\/www.soroptimisteurope.org\/fr\/lobbying\/ecosoc-nations-unies\/","name":"ECOSOC Nations Unies - Soroptimist","isPartOf":{"@id":"https:\/\/www.soroptimisteurope.org\/#website"},"datePublished":"2025-09-10T13:24:04+00:00","dateModified":"2025-10-14T12:03:41+00:00","breadcrumb":{"@id":"https:\/\/www.soroptimisteurope.org\/fr\/lobbying\/ecosoc-nations-unies\/#breadcrumb"},"inLanguage":"fr-FR","potentialAction":[{"@type":"ReadAction","target":["https:\/\/www.soroptimisteurope.org\/fr\/lobbying\/ecosoc-nations-unies\/"]}]},{"@type":"BreadcrumbList","@id":"https:\/\/www.soroptimisteurope.org\/fr\/lobbying\/ecosoc-nations-unies\/#breadcrumb","itemListElement":[{"@type":"ListItem","position":1,"name":"Accueil","item":"https:\/\/www.soroptimisteurope.org\/fr\/"},{"@type":"ListItem","position":2,"name":"Lobbying","item":"https:\/\/www.soroptimisteurope.org\/fr\/lobbying\/"},{"@type":"ListItem","position":3,"name":"ECOSOC Nations Unies"}]},{"@type":"WebSite","@id":"https:\/\/www.soroptimisteurope.org\/#website","url":"https:\/\/www.soroptimisteurope.org\/","name":"Soroptimist","description":"","potentialAction":[{"@type":"SearchAction","target":{"@type":"EntryPoint","urlTemplate":"https:\/\/www.soroptimisteurope.org\/?s={search_term_string}"},"query-input":{"@type":"PropertyValueSpecification","valueRequired":true,"valueName":"search_term_string"}}],"inLanguage":"fr-FR"}]}},"campaignId":"","_links":{"self":[{"href":"https:\/\/www.soroptimisteurope.org\/fr\/wp-json\/wp\/v2\/pages\/49128","targetHints":{"allow":["GET"]}}],"collection":[{"href":"https:\/\/www.soroptimisteurope.org\/fr\/wp-json\/wp\/v2\/pages"}],"about":[{"href":"https:\/\/www.soroptimisteurope.org\/fr\/wp-json\/wp\/v2\/types\/page"}],"author":[{"embeddable":true,"href":"https:\/\/www.soroptimisteurope.org\/fr\/wp-json\/wp\/v2\/users\/6"}],"replies":[{"embeddable":true,"href":"https:\/\/www.soroptimisteurope.org\/fr\/wp-json\/wp\/v2\/comments?post=49128"}],"version-history":[{"count":1,"href":"https:\/\/www.soroptimisteurope.org\/fr\/wp-json\/wp\/v2\/pages\/49128\/revisions"}],"predecessor-version":[{"id":49129,"href":"https:\/\/www.soroptimisteurope.org\/fr\/wp-json\/wp\/v2\/pages\/49128\/revisions\/49129"}],"up":[{"embeddable":true,"href":"https:\/\/www.soroptimisteurope.org\/fr\/wp-json\/wp\/v2\/pages\/49240"}],"wp:attachment":[{"href":"https:\/\/www.soroptimisteurope.org\/fr\/wp-json\/wp\/v2\/media?parent=49128"}],"curies":[{"name":"wp","href":"https:\/\/api.w.org\/{rel}","templated":true}]}}