{"id":49174,"date":"2025-09-15T11:50:41","date_gmt":"2025-09-15T09:50:41","guid":{"rendered":"https:\/\/www.soroptimisteurope.org\/organisation-pour-la-securite-et-la-cooperation-en-europe\/"},"modified":"2025-10-14T13:57:56","modified_gmt":"2025-10-14T11:57:56","slug":"organisation-pour-la-securite-et-la-cooperation-en-europe","status":"publish","type":"page","link":"https:\/\/www.soroptimisteurope.org\/fr\/lobbying\/organisation-pour-la-securite-et-la-cooperation-en-europe\/","title":{"rendered":"Organisation pour la s\u00e9curit\u00e9 et la coop\u00e9ration en Europe"},"content":{"rendered":"\t\t<div data-elementor-type=\"wp-page\" data-elementor-id=\"49174\" class=\"elementor elementor-49174 elementor-47650\" data-elementor-post-type=\"page\">\n\t\t\t\t<div class=\"elementor-element elementor-element-3a673dd e-flex e-con-boxed e-con e-parent\" data-id=\"3a673dd\" data-element_type=\"container\" data-e-type=\"container\" data-settings=\"{&quot;background_background&quot;:&quot;classic&quot;,&quot;shape_divider_bottom&quot;:&quot;waves&quot;}\">\n\t\t\t\t\t<div class=\"e-con-inner\">\n\t\t\t\t<div class=\"elementor-shape elementor-shape-bottom\" aria-hidden=\"true\" data-negative=\"false\">\n\t\t\t<svg xmlns=\"http:\/\/www.w3.org\/2000\/svg\" viewBox=\"0 0 1000 100\" preserveAspectRatio=\"none\">\n\t<path class=\"elementor-shape-fill\" d=\"M421.9,6.5c22.6-2.5,51.5,0.4,75.5,5.3c23.6,4.9,70.9,23.5,100.5,35.7c75.8,32.2,133.7,44.5,192.6,49.7\n\tc23.6,2.1,48.7,3.5,103.4-2.5c54.7-6,106.2-25.6,106.2-25.6V0H0v30.3c0,0,72,32.6,158.4,30.5c39.2-0.7,92.8-6.7,134-22.4\n\tc21.2-8.1,52.2-18.2,79.7-24.2C399.3,7.9,411.6,7.5,421.9,6.5z\"\/>\n<\/svg>\t\t<\/div>\n\t\t\t\t<div class=\"elementor-element elementor-element-3d3abfc elementor-widget elementor-widget-heading\" data-id=\"3d3abfc\" data-element_type=\"widget\" data-e-type=\"widget\" data-widget_type=\"heading.default\">\n\t\t\t\t<div class=\"elementor-widget-container\">\n\t\t\t\t\t<div class=\"elementor-heading-title elementor-size-default\">Organisation pour la s\u00e9curit\u00e9 et la coop\u00e9ration en Europe<\/div>\t\t\t\t<\/div>\n\t\t\t\t<\/div>\n\t\t\t\t\t<\/div>\n\t\t\t\t<\/div>\n\t\t<div class=\"elementor-element elementor-element-fe6f4c8 e-flex e-con-boxed e-con e-parent\" data-id=\"fe6f4c8\" data-element_type=\"container\" data-e-type=\"container\">\n\t\t\t\t\t<div class=\"e-con-inner\">\n\t\t\t\t<div class=\"elementor-element elementor-element-62e88e4 elementor-widget elementor-widget-heading\" data-id=\"62e88e4\" data-element_type=\"widget\" data-e-type=\"widget\" data-widget_type=\"heading.default\">\n\t\t\t\t<div class=\"elementor-widget-container\">\n\t\t\t\t\t<div class=\"elementor-heading-title elementor-size-default\">Accueil<\/div>\t\t\t\t<\/div>\n\t\t\t\t<\/div>\n\t\t\t\t<div class=\"elementor-element elementor-element-27592ac elementor-widget elementor-widget-heading\" data-id=\"27592ac\" data-element_type=\"widget\" data-e-type=\"widget\" data-widget_type=\"heading.default\">\n\t\t\t\t<div class=\"elementor-widget-container\">\n\t\t\t\t\t<h2 class=\"elementor-heading-title elementor-size-default\">&gt;<\/h2>\t\t\t\t<\/div>\n\t\t\t\t<\/div>\n\t\t\t\t<div class=\"elementor-element elementor-element-a76866c elementor-widget elementor-widget-heading\" data-id=\"a76866c\" data-element_type=\"widget\" data-e-type=\"widget\" data-widget_type=\"heading.default\">\n\t\t\t\t<div class=\"elementor-widget-container\">\n\t\t\t\t\t<div class=\"elementor-heading-title elementor-size-default\">Ce que nous faisons<\/div>\t\t\t\t<\/div>\n\t\t\t\t<\/div>\n\t\t\t\t<div class=\"elementor-element elementor-element-e395ac8 elementor-widget elementor-widget-heading\" data-id=\"e395ac8\" data-element_type=\"widget\" data-e-type=\"widget\" data-widget_type=\"heading.default\">\n\t\t\t\t<div class=\"elementor-widget-container\">\n\t\t\t\t\t<h2 class=\"elementor-heading-title elementor-size-default\">&gt;<\/h2>\t\t\t\t<\/div>\n\t\t\t\t<\/div>\n\t\t\t\t<div class=\"elementor-element elementor-element-a410670 elementor-widget elementor-widget-heading\" data-id=\"a410670\" data-element_type=\"widget\" data-e-type=\"widget\" data-widget_type=\"heading.default\">\n\t\t\t\t<div class=\"elementor-widget-container\">\n\t\t\t\t\t<div class=\"elementor-heading-title elementor-size-default\">Lobbying<\/div>\t\t\t\t<\/div>\n\t\t\t\t<\/div>\n\t\t\t\t<div class=\"elementor-element elementor-element-c83d0e3 elementor-widget elementor-widget-heading\" data-id=\"c83d0e3\" data-element_type=\"widget\" data-e-type=\"widget\" data-widget_type=\"heading.default\">\n\t\t\t\t<div class=\"elementor-widget-container\">\n\t\t\t\t\t<h2 class=\"elementor-heading-title elementor-size-default\">&gt;<\/h2>\t\t\t\t<\/div>\n\t\t\t\t<\/div>\n\t\t\t\t<div class=\"elementor-element elementor-element-9d9f54f elementor-widget elementor-widget-heading\" data-id=\"9d9f54f\" data-element_type=\"widget\" data-e-type=\"widget\" data-widget_type=\"heading.default\">\n\t\t\t\t<div class=\"elementor-widget-container\">\n\t\t\t\t\t<h2 class=\"elementor-heading-title elementor-size-default\">Organisation pour la s\u00e9curit\u00e9 et la coop\u00e9ration en Europe<\/h2>\t\t\t\t<\/div>\n\t\t\t\t<\/div>\n\t\t\t\t\t<\/div>\n\t\t\t\t<\/div>\n\t\t<div class=\"elementor-element elementor-element-2aa877a e-grid e-con-boxed e-con e-parent\" data-id=\"2aa877a\" data-element_type=\"container\" data-e-type=\"container\">\n\t\t\t\t\t<div class=\"e-con-inner\">\n\t\t<div class=\"elementor-element elementor-element-23ca7ee e-con-full e-flex e-con e-child\" data-id=\"23ca7ee\" data-element_type=\"container\" data-e-type=\"container\">\n\t\t\t\t<div class=\"elementor-element elementor-element-9ca1379 elementor-widget elementor-widget-text-editor\" data-id=\"9ca1379\" data-element_type=\"widget\" data-e-type=\"widget\" data-widget_type=\"text-editor.default\">\n\t\t\t\t<div class=\"elementor-widget-container\">\n\t\t\t\t\t\t\t\t\t<p>Le Soroptimist International d&rsquo;Europe participe \u00e9galement aux travaux de l&rsquo;Organisation pour la s\u00e9curit\u00e9 et la coop\u00e9ration en Europe (OSCE), la plus grande organisation intergouvernementale au monde ax\u00e9e sur la s\u00e9curit\u00e9.<\/p><p>Par l&rsquo;interm\u00e9diaire de ses repr\u00e9sentantes permanentes, le SIE contribue au travail de la plus ancienne institution de l&rsquo;OSCE, le Bureau des institutions d\u00e9mocratiques et des droits de l&rsquo;homme (BIDDH), qui s&rsquo;occupe notamment de la traite des \u00eatres humains, de la violence \u00e0 l&rsquo;encontre des femmes et de l&rsquo;\u00e9galit\u00e9 des genres.<\/p>\t\t\t\t\t\t\t\t<\/div>\n\t\t\t\t<\/div>\n\t\t\t\t<\/div>\n\t\t<div class=\"elementor-element elementor-element-c072ba4 e-con-full e-flex e-con e-child\" data-id=\"c072ba4\" data-element_type=\"container\" data-e-type=\"container\">\n\t\t<div class=\"elementor-element elementor-element-dc1f98f e-con-full e-grid e-con e-child\" data-id=\"dc1f98f\" data-element_type=\"container\" data-e-type=\"container\" data-settings=\"{&quot;background_background&quot;:&quot;classic&quot;}\">\n\t\t<div class=\"elementor-element elementor-element-68e7b12 e-con-full e-flex e-con e-child\" data-id=\"68e7b12\" data-element_type=\"container\" data-e-type=\"container\" data-settings=\"{&quot;background_background&quot;:&quot;classic&quot;}\">\n\t\t\t\t<\/div>\n\t\t<div class=\"elementor-element elementor-element-016bd3b e-con-full e-flex e-con e-child\" data-id=\"016bd3b\" data-element_type=\"container\" data-e-type=\"container\">\n\t\t\t\t<div class=\"elementor-element elementor-element-03bd333 elementor-widget elementor-widget-heading\" data-id=\"03bd333\" data-element_type=\"widget\" data-e-type=\"widget\" data-widget_type=\"heading.default\">\n\t\t\t\t<div class=\"elementor-widget-container\">\n\t\t\t\t\t<div class=\"elementor-heading-title elementor-size-default\">Repr\u00e9sentante du SIE aupr\u00e8s de l'OSCE \u00e0 Varsovie<\/div>\t\t\t\t<\/div>\n\t\t\t\t<\/div>\n\t\t\t\t<div class=\"elementor-element elementor-element-e04fd83 elementor-widget elementor-widget-heading\" data-id=\"e04fd83\" data-element_type=\"widget\" data-e-type=\"widget\" data-widget_type=\"heading.default\">\n\t\t\t\t<div class=\"elementor-widget-container\">\n\t\t\t\t\t<div class=\"elementor-heading-title elementor-size-default\">Anna Wszelaczy\u0144ska<\/div>\t\t\t\t<\/div>\n\t\t\t\t<\/div>\n\t\t\t\t<div class=\"elementor-element elementor-element-40ff812 elementor-widget elementor-widget-heading\" data-id=\"40ff812\" data-element_type=\"widget\" data-e-type=\"widget\" data-widget_type=\"heading.default\">\n\t\t\t\t<div class=\"elementor-widget-container\">\n\t\t\t\t\t<div class=\"elementor-heading-title elementor-size-default\">SI Cracovie (Pologne)<\/div>\t\t\t\t<\/div>\n\t\t\t\t<\/div>\n\t\t\t\t<\/div>\n\t\t\t\t<\/div>\n\t\t<div class=\"elementor-element elementor-element-fe9c0f5 e-con-full e-grid e-con e-child\" data-id=\"fe9c0f5\" data-element_type=\"container\" data-e-type=\"container\" data-settings=\"{&quot;background_background&quot;:&quot;classic&quot;}\">\n\t\t<div class=\"elementor-element elementor-element-3f39c13 e-con-full e-flex e-con e-child\" data-id=\"3f39c13\" data-element_type=\"container\" data-e-type=\"container\" data-settings=\"{&quot;background_background&quot;:&quot;classic&quot;}\">\n\t\t\t\t<\/div>\n\t\t<div class=\"elementor-element elementor-element-17c357c e-con-full e-flex e-con e-child\" data-id=\"17c357c\" data-element_type=\"container\" data-e-type=\"container\">\n\t\t\t\t<div class=\"elementor-element elementor-element-4efc2d0 elementor-widget elementor-widget-heading\" data-id=\"4efc2d0\" data-element_type=\"widget\" data-e-type=\"widget\" data-widget_type=\"heading.default\">\n\t\t\t\t<div class=\"elementor-widget-container\">\n\t\t\t\t\t<div class=\"elementor-heading-title elementor-size-default\">Repr\u00e9sentante de SIE aupr\u00e8s de l'OSCE \u00e0 Vienne<\/div>\t\t\t\t<\/div>\n\t\t\t\t<\/div>\n\t\t\t\t<div class=\"elementor-element elementor-element-1923bb8 elementor-widget elementor-widget-heading\" data-id=\"1923bb8\" data-element_type=\"widget\" data-e-type=\"widget\" data-widget_type=\"heading.default\">\n\t\t\t\t<div class=\"elementor-widget-container\">\n\t\t\t\t\t<div class=\"elementor-heading-title elementor-size-default\">Claudia Deiss<\/div>\t\t\t\t<\/div>\n\t\t\t\t<\/div>\n\t\t\t\t<div class=\"elementor-element elementor-element-49f4ed9 elementor-widget elementor-widget-heading\" data-id=\"49f4ed9\" data-element_type=\"widget\" data-e-type=\"widget\" data-widget_type=\"heading.default\">\n\t\t\t\t<div class=\"elementor-widget-container\">\n\t\t\t\t\t<div class=\"elementor-heading-title elementor-size-default\">SI Wien Donau (Autriche)<\/div>\t\t\t\t<\/div>\n\t\t\t\t<\/div>\n\t\t\t\t<\/div>\n\t\t\t\t<\/div>\n\t\t\t\t<\/div>\n\t\t\t\t\t<\/div>\n\t\t\t\t<\/div>\n\t\t<div class=\"elementor-element elementor-element-7077f85 elementor-hidden-desktop elementor-hidden-laptop elementor-hidden-tablet elementor-hidden-mobile e-flex e-con-boxed e-con e-parent\" data-id=\"7077f85\" data-element_type=\"container\" data-e-type=\"container\" data-settings=\"{&quot;background_background&quot;:&quot;classic&quot;}\">\n\t\t\t\t\t<div class=\"e-con-inner\">\n\t\t\t\t<div class=\"elementor-element elementor-element-9e6b727 elementor-grid-3 elementor-grid-tablet-2 elementor-grid-mobile-1 elementor-widget elementor-widget-loop-grid\" data-id=\"9e6b727\" data-element_type=\"widget\" data-e-type=\"widget\" data-settings=\"{&quot;template_id&quot;:28648,&quot;pagination_type&quot;:&quot;load_more_infinite_scroll&quot;,&quot;_skin&quot;:&quot;post&quot;,&quot;columns&quot;:&quot;3&quot;,&quot;columns_tablet&quot;:&quot;2&quot;,&quot;columns_mobile&quot;:&quot;1&quot;,&quot;edit_handle_selector&quot;:&quot;[data-elementor-type=\\&quot;loop-item\\&quot;]&quot;,&quot;load_more_spinner&quot;:{&quot;value&quot;:&quot;fas fa-spinner&quot;,&quot;library&quot;:&quot;fa-solid&quot;},&quot;row_gap&quot;:{&quot;unit&quot;:&quot;px&quot;,&quot;size&quot;:&quot;&quot;,&quot;sizes&quot;:[]},&quot;row_gap_laptop&quot;:{&quot;unit&quot;:&quot;px&quot;,&quot;size&quot;:&quot;&quot;,&quot;sizes&quot;:[]},&quot;row_gap_tablet&quot;:{&quot;unit&quot;:&quot;px&quot;,&quot;size&quot;:&quot;&quot;,&quot;sizes&quot;:[]},&quot;row_gap_mobile&quot;:{&quot;unit&quot;:&quot;px&quot;,&quot;size&quot;:&quot;&quot;,&quot;sizes&quot;:[]}}\" data-widget_type=\"loop-grid.post\">\n\t\t\t\t<div class=\"elementor-widget-container\">\n\t\t\t\t\t\t\t<div class=\"e-loop-nothing-found-message\">\n\t\t\t\t\t<div class=\"e-loop-nothing-found-message__text\">\n\t\t\t\tIl semble que nous ne trouvions pas ce que vous cherchez.\t\t\t<\/div>\n\t\t\t<\/div>\n\t\t\t\t\t\t<\/div>\n\t\t\t\t<\/div>\n\t\t\t\t\t<\/div>\n\t\t\t\t<\/div>\n\t\t\t\t<\/div>\n\t\t","protected":false},"excerpt":{"rendered":"<p>Accueil &gt; Ce que nous faisons &gt; Lobbying &gt; Le Soroptimist International d&rsquo;Europe participe \u00e9galement aux travaux de l&rsquo;Organisation pour la s\u00e9curit\u00e9 et la coop\u00e9ration en Europe (OSCE), la plus [&hellip;]<\/p>\n","protected":false},"author":6,"featured_media":0,"parent":49240,"menu_order":4,"comment_status":"closed","ping_status":"closed","template":"","meta":{"_acf_changed":false,"give_campaign_id":0,"footnotes":""},"class_list":["post-49174","page","type-page","status-publish","hentry"],"acf":{"article_photo_de_couverture":"","article_chapeau":null,"article_contenu":null,"article_video":"","article_documents":"","article_actualites_liees":""},"yoast_head":"<!-- This site is optimized with the Yoast SEO plugin v27.4 - https:\/\/yoast.com\/product\/yoast-seo-wordpress\/ -->\n<title>Organisation pour la s\u00e9curit\u00e9 et la coop\u00e9ration en Europe - Soroptimist<\/title>\n<meta name=\"robots\" content=\"index, follow, max-snippet:-1, max-image-preview:large, max-video-preview:-1\" \/>\n<link rel=\"canonical\" href=\"https:\/\/www.soroptimisteurope.org\/fr\/lobbying\/organisation-pour-la-securite-et-la-cooperation-en-europe\/\" \/>\n<meta property=\"og:locale\" content=\"fr_FR\" \/>\n<meta property=\"og:type\" content=\"article\" \/>\n<meta property=\"og:title\" content=\"Organisation pour la s\u00e9curit\u00e9 et la coop\u00e9ration en Europe - Soroptimist\" \/>\n<meta property=\"og:description\" content=\"Accueil &gt; Ce que nous faisons &gt; Lobbying &gt; Le Soroptimist International d&rsquo;Europe participe \u00e9galement aux travaux de l&rsquo;Organisation pour la s\u00e9curit\u00e9 et la coop\u00e9ration en Europe (OSCE), la plus [&hellip;]\" \/>\n<meta property=\"og:url\" content=\"https:\/\/www.soroptimisteurope.org\/fr\/lobbying\/organisation-pour-la-securite-et-la-cooperation-en-europe\/\" \/>\n<meta property=\"og:site_name\" content=\"Soroptimist\" \/>\n<meta property=\"article:modified_time\" content=\"2025-10-14T11:57:56+00:00\" \/>\n<meta name=\"twitter:card\" content=\"summary_large_image\" \/>\n<meta name=\"twitter:label1\" content=\"Dur\u00e9e de lecture estim\u00e9e\" \/>\n\t<meta name=\"twitter:data1\" content=\"1 minute\" \/>\n<script type=\"application\/ld+json\" class=\"yoast-schema-graph\">{\"@context\":\"https:\\\/\\\/schema.org\",\"@graph\":[{\"@type\":\"WebPage\",\"@id\":\"https:\\\/\\\/www.soroptimisteurope.org\\\/fr\\\/lobbying\\\/organisation-pour-la-securite-et-la-cooperation-en-europe\\\/\",\"url\":\"https:\\\/\\\/www.soroptimisteurope.org\\\/fr\\\/lobbying\\\/organisation-pour-la-securite-et-la-cooperation-en-europe\\\/\",\"name\":\"Organisation pour la s\u00e9curit\u00e9 et la coop\u00e9ration en Europe - Soroptimist\",\"isPartOf\":{\"@id\":\"https:\\\/\\\/www.soroptimisteurope.org\\\/#website\"},\"datePublished\":\"2025-09-15T09:50:41+00:00\",\"dateModified\":\"2025-10-14T11:57:56+00:00\",\"breadcrumb\":{\"@id\":\"https:\\\/\\\/www.soroptimisteurope.org\\\/fr\\\/lobbying\\\/organisation-pour-la-securite-et-la-cooperation-en-europe\\\/#breadcrumb\"},\"inLanguage\":\"fr-FR\",\"potentialAction\":[{\"@type\":\"ReadAction\",\"target\":[\"https:\\\/\\\/www.soroptimisteurope.org\\\/fr\\\/lobbying\\\/organisation-pour-la-securite-et-la-cooperation-en-europe\\\/\"]}]},{\"@type\":\"BreadcrumbList\",\"@id\":\"https:\\\/\\\/www.soroptimisteurope.org\\\/fr\\\/lobbying\\\/organisation-pour-la-securite-et-la-cooperation-en-europe\\\/#breadcrumb\",\"itemListElement\":[{\"@type\":\"ListItem\",\"position\":1,\"name\":\"Accueil\",\"item\":\"https:\\\/\\\/www.soroptimisteurope.org\\\/fr\\\/accueil\\\/\"},{\"@type\":\"ListItem\",\"position\":2,\"name\":\"Lobbying\",\"item\":\"https:\\\/\\\/www.soroptimisteurope.org\\\/fr\\\/lobbying\\\/\"},{\"@type\":\"ListItem\",\"position\":3,\"name\":\"Organisation pour la s\u00e9curit\u00e9 et la coop\u00e9ration en Europe\"}]},{\"@type\":\"WebSite\",\"@id\":\"https:\\\/\\\/www.soroptimisteurope.org\\\/#website\",\"url\":\"https:\\\/\\\/www.soroptimisteurope.org\\\/\",\"name\":\"Soroptimist\",\"description\":\"\",\"potentialAction\":[{\"@type\":\"SearchAction\",\"target\":{\"@type\":\"EntryPoint\",\"urlTemplate\":\"https:\\\/\\\/www.soroptimisteurope.org\\\/?s={search_term_string}\"},\"query-input\":{\"@type\":\"PropertyValueSpecification\",\"valueRequired\":true,\"valueName\":\"search_term_string\"}}],\"inLanguage\":\"fr-FR\"}]}<\/script>\n<!-- \/ Yoast SEO plugin. -->","yoast_head_json":{"title":"Organisation pour la s\u00e9curit\u00e9 et la coop\u00e9ration en Europe - Soroptimist","robots":{"index":"index","follow":"follow","max-snippet":"max-snippet:-1","max-image-preview":"max-image-preview:large","max-video-preview":"max-video-preview:-1"},"canonical":"https:\/\/www.soroptimisteurope.org\/fr\/lobbying\/organisation-pour-la-securite-et-la-cooperation-en-europe\/","og_locale":"fr_FR","og_type":"article","og_title":"Organisation pour la s\u00e9curit\u00e9 et la coop\u00e9ration en Europe - Soroptimist","og_description":"Accueil &gt; Ce que nous faisons &gt; Lobbying &gt; Le Soroptimist International d&rsquo;Europe participe \u00e9galement aux travaux de l&rsquo;Organisation pour la s\u00e9curit\u00e9 et la coop\u00e9ration en Europe (OSCE), la plus [&hellip;]","og_url":"https:\/\/www.soroptimisteurope.org\/fr\/lobbying\/organisation-pour-la-securite-et-la-cooperation-en-europe\/","og_site_name":"Soroptimist","article_modified_time":"2025-10-14T11:57:56+00:00","twitter_card":"summary_large_image","twitter_misc":{"Dur\u00e9e de lecture estim\u00e9e":"1 minute"},"schema":{"@context":"https:\/\/schema.org","@graph":[{"@type":"WebPage","@id":"https:\/\/www.soroptimisteurope.org\/fr\/lobbying\/organisation-pour-la-securite-et-la-cooperation-en-europe\/","url":"https:\/\/www.soroptimisteurope.org\/fr\/lobbying\/organisation-pour-la-securite-et-la-cooperation-en-europe\/","name":"Organisation pour la s\u00e9curit\u00e9 et la coop\u00e9ration en Europe - Soroptimist","isPartOf":{"@id":"https:\/\/www.soroptimisteurope.org\/#website"},"datePublished":"2025-09-15T09:50:41+00:00","dateModified":"2025-10-14T11:57:56+00:00","breadcrumb":{"@id":"https:\/\/www.soroptimisteurope.org\/fr\/lobbying\/organisation-pour-la-securite-et-la-cooperation-en-europe\/#breadcrumb"},"inLanguage":"fr-FR","potentialAction":[{"@type":"ReadAction","target":["https:\/\/www.soroptimisteurope.org\/fr\/lobbying\/organisation-pour-la-securite-et-la-cooperation-en-europe\/"]}]},{"@type":"BreadcrumbList","@id":"https:\/\/www.soroptimisteurope.org\/fr\/lobbying\/organisation-pour-la-securite-et-la-cooperation-en-europe\/#breadcrumb","itemListElement":[{"@type":"ListItem","position":1,"name":"Accueil","item":"https:\/\/www.soroptimisteurope.org\/fr\/accueil\/"},{"@type":"ListItem","position":2,"name":"Lobbying","item":"https:\/\/www.soroptimisteurope.org\/fr\/lobbying\/"},{"@type":"ListItem","position":3,"name":"Organisation pour la s\u00e9curit\u00e9 et la coop\u00e9ration en Europe"}]},{"@type":"WebSite","@id":"https:\/\/www.soroptimisteurope.org\/#website","url":"https:\/\/www.soroptimisteurope.org\/","name":"Soroptimist","description":"","potentialAction":[{"@type":"SearchAction","target":{"@type":"EntryPoint","urlTemplate":"https:\/\/www.soroptimisteurope.org\/?s={search_term_string}"},"query-input":{"@type":"PropertyValueSpecification","valueRequired":true,"valueName":"search_term_string"}}],"inLanguage":"fr-FR"}]}},"campaignId":"","_links":{"self":[{"href":"https:\/\/www.soroptimisteurope.org\/fr\/wp-json\/wp\/v2\/pages\/49174","targetHints":{"allow":["GET"]}}],"collection":[{"href":"https:\/\/www.soroptimisteurope.org\/fr\/wp-json\/wp\/v2\/pages"}],"about":[{"href":"https:\/\/www.soroptimisteurope.org\/fr\/wp-json\/wp\/v2\/types\/page"}],"author":[{"embeddable":true,"href":"https:\/\/www.soroptimisteurope.org\/fr\/wp-json\/wp\/v2\/users\/6"}],"replies":[{"embeddable":true,"href":"https:\/\/www.soroptimisteurope.org\/fr\/wp-json\/wp\/v2\/comments?post=49174"}],"version-history":[{"count":3,"href":"https:\/\/www.soroptimisteurope.org\/fr\/wp-json\/wp\/v2\/pages\/49174\/revisions"}],"predecessor-version":[{"id":50222,"href":"https:\/\/www.soroptimisteurope.org\/fr\/wp-json\/wp\/v2\/pages\/49174\/revisions\/50222"}],"up":[{"embeddable":true,"href":"https:\/\/www.soroptimisteurope.org\/fr\/wp-json\/wp\/v2\/pages\/49240"}],"wp:attachment":[{"href":"https:\/\/www.soroptimisteurope.org\/fr\/wp-json\/wp\/v2\/media?parent=49174"}],"curies":[{"name":"wp","href":"https:\/\/api.w.org\/{rel}","templated":true}]}}