{"id":49266,"date":"2025-09-16T16:44:08","date_gmt":"2025-09-16T14:44:08","guid":{"rendered":"https:\/\/www.soroptimisteurope.org\/soutenir-les-projets-soroptimist\/fondation-du-soroptimist-international\/"},"modified":"2025-09-18T12:17:06","modified_gmt":"2025-09-18T10:17:06","slug":"fondation-du-soroptimist-international","status":"publish","type":"page","link":"https:\/\/www.soroptimisteurope.org\/fr\/soutenir-les-projets-soroptimist\/fondation-du-soroptimist-international\/","title":{"rendered":"Fondation du Soroptimist International"},"content":{"rendered":"\t\t<div data-elementor-type=\"wp-page\" data-elementor-id=\"49266\" class=\"elementor elementor-49266 elementor-47483\" data-elementor-post-type=\"page\">\n\t\t\t\t<div class=\"elementor-element elementor-element-12f8d35 e-flex e-con-boxed e-con e-parent\" data-id=\"12f8d35\" data-element_type=\"container\" data-e-type=\"container\" data-settings=\"{&quot;background_background&quot;:&quot;classic&quot;,&quot;shape_divider_bottom&quot;:&quot;waves&quot;}\">\n\t\t\t\t\t<div class=\"e-con-inner\">\n\t\t\t\t<div class=\"elementor-shape elementor-shape-bottom\" aria-hidden=\"true\" data-negative=\"false\">\n\t\t\t<svg xmlns=\"http:\/\/www.w3.org\/2000\/svg\" viewBox=\"0 0 1000 100\" preserveAspectRatio=\"none\">\n\t<path class=\"elementor-shape-fill\" d=\"M421.9,6.5c22.6-2.5,51.5,0.4,75.5,5.3c23.6,4.9,70.9,23.5,100.5,35.7c75.8,32.2,133.7,44.5,192.6,49.7\n\tc23.6,2.1,48.7,3.5,103.4-2.5c54.7-6,106.2-25.6,106.2-25.6V0H0v30.3c0,0,72,32.6,158.4,30.5c39.2-0.7,92.8-6.7,134-22.4\n\tc21.2-8.1,52.2-18.2,79.7-24.2C399.3,7.9,411.6,7.5,421.9,6.5z\"\/>\n<\/svg>\t\t<\/div>\n\t\t\t\t<div class=\"elementor-element elementor-element-458efec elementor-widget elementor-widget-heading\" data-id=\"458efec\" data-element_type=\"widget\" data-e-type=\"widget\" data-widget_type=\"heading.default\">\n\t\t\t\t<div class=\"elementor-widget-container\">\n\t\t\t\t\t<div class=\"elementor-heading-title elementor-size-default\">Fondation du Soroptimist International<\/div>\t\t\t\t<\/div>\n\t\t\t\t<\/div>\n\t\t\t\t\t<\/div>\n\t\t\t\t<\/div>\n\t\t<div class=\"elementor-element elementor-element-55966f4 e-flex e-con-boxed e-con e-parent\" data-id=\"55966f4\" data-element_type=\"container\" data-e-type=\"container\">\n\t\t\t\t\t<div class=\"e-con-inner\">\n\t\t\t\t<div class=\"elementor-element elementor-element-f552072 elementor-widget elementor-widget-heading\" data-id=\"f552072\" data-element_type=\"widget\" data-e-type=\"widget\" data-widget_type=\"heading.default\">\n\t\t\t\t<div class=\"elementor-widget-container\">\n\t\t\t\t\t<div class=\"elementor-heading-title elementor-size-default\">Accueil<\/div>\t\t\t\t<\/div>\n\t\t\t\t<\/div>\n\t\t\t\t<div class=\"elementor-element elementor-element-76b613d elementor-widget elementor-widget-heading\" data-id=\"76b613d\" data-element_type=\"widget\" data-e-type=\"widget\" data-widget_type=\"heading.default\">\n\t\t\t\t<div class=\"elementor-widget-container\">\n\t\t\t\t\t<h2 class=\"elementor-heading-title elementor-size-default\">&gt;<\/h2>\t\t\t\t<\/div>\n\t\t\t\t<\/div>\n\t\t\t\t<div class=\"elementor-element elementor-element-bf3682d elementor-widget elementor-widget-heading\" data-id=\"bf3682d\" data-element_type=\"widget\" data-e-type=\"widget\" data-widget_type=\"heading.default\">\n\t\t\t\t<div class=\"elementor-widget-container\">\n\t\t\t\t\t<div class=\"elementor-heading-title elementor-size-default\">Soutenir les projets Soroptimist<\/div>\t\t\t\t<\/div>\n\t\t\t\t<\/div>\n\t\t\t\t<div class=\"elementor-element elementor-element-403d5d7 elementor-widget elementor-widget-heading\" data-id=\"403d5d7\" data-element_type=\"widget\" data-e-type=\"widget\" data-widget_type=\"heading.default\">\n\t\t\t\t<div class=\"elementor-widget-container\">\n\t\t\t\t\t<h2 class=\"elementor-heading-title elementor-size-default\">&gt;<\/h2>\t\t\t\t<\/div>\n\t\t\t\t<\/div>\n\t\t\t\t<div class=\"elementor-element elementor-element-36596e5 elementor-widget elementor-widget-heading\" data-id=\"36596e5\" data-element_type=\"widget\" data-e-type=\"widget\" data-widget_type=\"heading.default\">\n\t\t\t\t<div class=\"elementor-widget-container\">\n\t\t\t\t\t<h2 class=\"elementor-heading-title elementor-size-default\">Fondation du Soroptimist International<\/h2>\t\t\t\t<\/div>\n\t\t\t\t<\/div>\n\t\t\t\t\t<\/div>\n\t\t\t\t<\/div>\n\t\t<div class=\"elementor-element elementor-element-555723f e-flex e-con-boxed e-con e-parent\" data-id=\"555723f\" data-element_type=\"container\" data-e-type=\"container\">\n\t\t\t\t\t<div class=\"e-con-inner\">\n\t\t<div class=\"elementor-element elementor-element-14b05a7 e-grid e-con-full e-con e-child\" data-id=\"14b05a7\" data-element_type=\"container\" data-e-type=\"container\">\n\t\t<div class=\"elementor-element elementor-element-b56104e e-con-full e-flex e-con e-child\" data-id=\"b56104e\" data-element_type=\"container\" data-e-type=\"container\">\n\t\t\t\t<div class=\"elementor-element elementor-element-d714a2f elementor-widget elementor-widget-text-editor\" data-id=\"d714a2f\" data-element_type=\"widget\" data-e-type=\"widget\" data-widget_type=\"text-editor.default\">\n\t\t\t\t<div class=\"elementor-widget-container\">\n\t\t\t\t\t\t\t\t\t<p><strong>R\u00e9aliser des projets \u00e0 court, moyen et long terme au niveau international pour les femmes et les jeunes filles.<\/strong> Avec la cr\u00e9ation de la Fondation du Soroptimist International, la Pr\u00e9sidente du SI sensibilise aux projets et encourage la collecte de fonds par le biais de subventions, de dons des membres et de legs.<\/p>\t\t\t\t\t\t\t\t<\/div>\n\t\t\t\t<\/div>\n\t\t\t\t<div class=\"elementor-element elementor-element-6e35c1f elementor-widget elementor-widget-image\" data-id=\"6e35c1f\" data-element_type=\"widget\" data-e-type=\"widget\" data-widget_type=\"image.default\">\n\t\t\t\t<div class=\"elementor-widget-container\">\n\t\t\t\t\t\t\t\t\t\t\t\t\t\t\t<img fetchpriority=\"high\" decoding=\"async\" width=\"300\" height=\"300\" src=\"https:\/\/www.soroptimisteurope.org\/wp-content\/uploads\/2017\/12\/e-black-yellow-words-s-300x300-1.png\" class=\"attachment-large size-large wp-image-26958\" alt=\"\" srcset=\"https:\/\/www.soroptimisteurope.org\/wp-content\/uploads\/2017\/12\/e-black-yellow-words-s-300x300-1.png 300w, https:\/\/www.soroptimisteurope.org\/wp-content\/uploads\/2017\/12\/e-black-yellow-words-s-300x300-1-150x150.png 150w\" sizes=\"(max-width: 300px) 100vw, 300px\" \/>\t\t\t\t\t\t\t\t\t\t\t\t\t\t\t<\/div>\n\t\t\t\t<\/div>\n\t\t\t\t<\/div>\n\t\t<div class=\"elementor-element elementor-element-4111e98 e-con-full e-flex e-con e-child\" data-id=\"4111e98\" data-element_type=\"container\" data-e-type=\"container\">\n\t\t\t\t<div class=\"elementor-element elementor-element-d30d459 elementor-widget elementor-widget-shortcode\" data-id=\"d30d459\" data-element_type=\"widget\" data-e-type=\"widget\" data-widget_type=\"shortcode.default\">\n\t\t\t\t<div class=\"elementor-widget-container\">\n\t\t\t\t\t\t\t<div class=\"elementor-shortcode\"><div class='root-data-givewp-embed' data-form-locale='fr_FR' data-form-url='https:\/\/www.soroptimisteurope.org\/?post_type=give_forms&#038;p=47427' data-form-view-url='https:\/\/www.soroptimisteurope.org\/fr\/?givewp-route=donation-form-view&form-id=47427' data-src='https:\/\/www.soroptimisteurope.org\/fr\/?givewp-route=donation-form-view&form-id=47427' data-givewp-embed-id='give-form-shortcode-1' data-form-format='' data-open-form-button='Faire un don maintenant' style='--givewp-primary-color: #004a9a; --givewp-secondary-color: #004a9a;'><\/div><\/div>\n\t\t\t\t\t\t<\/div>\n\t\t\t\t<\/div>\n\t\t\t\t<\/div>\n\t\t\t\t<\/div>\n\t\t\t\t\t<\/div>\n\t\t\t\t<\/div>\n\t\t<div class=\"elementor-element elementor-element-483f54a e-flex e-con-boxed e-con e-parent\" data-id=\"483f54a\" data-element_type=\"container\" data-e-type=\"container\" data-settings=\"{&quot;background_background&quot;:&quot;classic&quot;}\">\n\t\t\t\t\t<div class=\"e-con-inner\">\n\t\t\t\t<div class=\"elementor-element elementor-element-6d23f14 elementor-widget elementor-widget-heading\" data-id=\"6d23f14\" data-element_type=\"widget\" data-e-type=\"widget\" data-widget_type=\"heading.default\">\n\t\t\t\t<div class=\"elementor-widget-container\">\n\t\t\t\t\t<h2 class=\"elementor-heading-title elementor-size-default\">Quels changements avec la Fondation Soroptimist International ?<\/h2>\t\t\t\t<\/div>\n\t\t\t\t<\/div>\n\t\t<div class=\"elementor-element elementor-element-59a4760 e-grid e-con-full e-con e-child\" data-id=\"59a4760\" data-element_type=\"container\" data-e-type=\"container\">\n\t\t<div class=\"elementor-element elementor-element-99071e8 e-con-full e-flex e-con e-child\" data-id=\"99071e8\" data-element_type=\"container\" data-e-type=\"container\">\n\t\t\t\t<div class=\"elementor-element elementor-element-49746b5 elementor-widget elementor-widget-text-editor\" data-id=\"49746b5\" data-element_type=\"widget\" data-e-type=\"widget\" data-widget_type=\"text-editor.default\">\n\t\t\t\t<div class=\"elementor-widget-container\">\n\t\t\t\t\t\t\t\t\t<p>L\u2019obtention du statut d\u2019organisation caritative confirme l\u2019int\u00e9grit\u00e9 et les intentions de la Fondation Soroptimist International, accro\u00eet la notori\u00e9t\u00e9 du Soroptimist International et renforce la r\u00e9putation de l\u2019organisation en tant que force du bien dans le monde.<\/p>\t\t\t\t\t\t\t\t<\/div>\n\t\t\t\t<\/div>\n\t\t\t\t<div class=\"elementor-element elementor-element-efe6a85 elementor-widget elementor-widget-text-editor\" data-id=\"efe6a85\" data-element_type=\"widget\" data-e-type=\"widget\" data-widget_type=\"text-editor.default\">\n\t\t\t\t<div class=\"elementor-widget-container\">\n\t\t\t\t\t\t\t\t\t<p><strong>Sur une p\u00e9riode de 5 ans, la Fondation SI financera des projets ax\u00e9s sur les trois objectifs suivants du SI :<\/strong><\/p>\t\t\t\t\t\t\t\t<\/div>\n\t\t\t\t<\/div>\n\t\t\t\t<div class=\"elementor-element elementor-element-d9f939c elementor-icon-list--layout-traditional elementor-list-item-link-full_width elementor-widget elementor-widget-icon-list\" data-id=\"d9f939c\" data-element_type=\"widget\" data-e-type=\"widget\" data-widget_type=\"icon-list.default\">\n\t\t\t\t<div class=\"elementor-widget-container\">\n\t\t\t\t\t\t\t<ul class=\"elementor-icon-list-items\">\n\t\t\t\t\t\t\t<li class=\"elementor-icon-list-item\">\n\t\t\t\t\t\t\t\t\t\t\t<span class=\"elementor-icon-list-icon\">\n\t\t\t\t\t\t\t<svg aria-hidden=\"true\" class=\"e-font-icon-svg e-fas-long-arrow-alt-right\" viewBox=\"0 0 448 512\" xmlns=\"http:\/\/www.w3.org\/2000\/svg\"><path d=\"M313.941 216H12c-6.627 0-12 5.373-12 12v56c0 6.627 5.373 12 12 12h301.941v46.059c0 21.382 25.851 32.09 40.971 16.971l86.059-86.059c9.373-9.373 9.373-24.569 0-33.941l-86.059-86.059c-15.119-15.119-40.971-4.411-40.971 16.971V216z\"><\/path><\/svg>\t\t\t\t\t\t<\/span>\n\t\t\t\t\t\t\t\t\t\t<span class=\"elementor-icon-list-text\">l\u2019avancement de l\u2019\u00e9ducation<\/span>\n\t\t\t\t\t\t\t\t\t<\/li>\n\t\t\t\t\t\t\t\t<li class=\"elementor-icon-list-item\">\n\t\t\t\t\t\t\t\t\t\t\t<span class=\"elementor-icon-list-icon\">\n\t\t\t\t\t\t\t<svg aria-hidden=\"true\" class=\"e-font-icon-svg e-fas-long-arrow-alt-right\" viewBox=\"0 0 448 512\" xmlns=\"http:\/\/www.w3.org\/2000\/svg\"><path d=\"M313.941 216H12c-6.627 0-12 5.373-12 12v56c0 6.627 5.373 12 12 12h301.941v46.059c0 21.382 25.851 32.09 40.971 16.971l86.059-86.059c9.373-9.373 9.373-24.569 0-33.941l-86.059-86.059c-15.119-15.119-40.971-4.411-40.971 16.971V216z\"><\/path><\/svg>\t\t\t\t\t\t<\/span>\n\t\t\t\t\t\t\t\t\t\t<span class=\"elementor-icon-list-text\">le recul et\/ou la pr\u00e9vention de la pauvret\u00e9<\/span>\n\t\t\t\t\t\t\t\t\t<\/li>\n\t\t\t\t\t\t\t\t<li class=\"elementor-icon-list-item\">\n\t\t\t\t\t\t\t\t\t\t\t<span class=\"elementor-icon-list-icon\">\n\t\t\t\t\t\t\t<svg aria-hidden=\"true\" class=\"e-font-icon-svg e-fas-long-arrow-alt-right\" viewBox=\"0 0 448 512\" xmlns=\"http:\/\/www.w3.org\/2000\/svg\"><path d=\"M313.941 216H12c-6.627 0-12 5.373-12 12v56c0 6.627 5.373 12 12 12h301.941v46.059c0 21.382 25.851 32.09 40.971 16.971l86.059-86.059c9.373-9.373 9.373-24.569 0-33.941l-86.059-86.059c-15.119-15.119-40.971-4.411-40.971 16.971V216z\"><\/path><\/svg>\t\t\t\t\t\t<\/span>\n\t\t\t\t\t\t\t\t\t\t<span class=\"elementor-icon-list-text\">la promotion des Droits de l\u2019homme, de la paix, de l\u2019\u00e9galit\u00e9 et de la diversit\u00e9<\/span>\n\t\t\t\t\t\t\t\t\t<\/li>\n\t\t\t\t\t\t<\/ul>\n\t\t\t\t\t\t<\/div>\n\t\t\t\t<\/div>\n\t\t\t\t<\/div>\n\t\t<div class=\"elementor-element elementor-element-b4c571b e-con-full e-flex e-con e-child\" data-id=\"b4c571b\" data-element_type=\"container\" data-e-type=\"container\">\n\t\t\t\t<div class=\"elementor-element elementor-element-7a47afc elementor-widget elementor-widget-image\" data-id=\"7a47afc\" data-element_type=\"widget\" data-e-type=\"widget\" data-widget_type=\"image.default\">\n\t\t\t\t<div class=\"elementor-widget-container\">\n\t\t\t\t\t\t\t\t\t\t\t\t\t\t\t<img decoding=\"async\" width=\"512\" height=\"512\" src=\"https:\/\/www.soroptimisteurope.org\/wp-content\/uploads\/2017\/12\/cropped-si-emblem-a3-e1690450456196.png\" class=\"attachment-large size-large wp-image-26922\" alt=\"\" srcset=\"https:\/\/www.soroptimisteurope.org\/wp-content\/uploads\/2017\/12\/cropped-si-emblem-a3-e1690450456196.png 512w, https:\/\/www.soroptimisteurope.org\/wp-content\/uploads\/2017\/12\/cropped-si-emblem-a3-e1690450456196-300x300.png 300w, https:\/\/www.soroptimisteurope.org\/wp-content\/uploads\/2017\/12\/cropped-si-emblem-a3-e1690450456196-150x150.png 150w\" sizes=\"(max-width: 512px) 100vw, 512px\" \/>\t\t\t\t\t\t\t\t\t\t\t\t\t\t\t<\/div>\n\t\t\t\t<\/div>\n\t\t\t\t<div class=\"elementor-element elementor-element-ed9a5e1 elementor-widget elementor-widget-text-editor\" data-id=\"ed9a5e1\" data-element_type=\"widget\" data-e-type=\"widget\" data-widget_type=\"text-editor.default\">\n\t\t\t\t<div class=\"elementor-widget-container\">\n\t\t\t\t\t\t\t\t\t<p><strong>Visitez le site du Soroptimist International pour des informations compl\u00e9mentaires : <\/strong><a href=\"https:\/\/www.soroptimistinternational.org\/soroptimist-international-foundation\/\" target=\"_blank\" rel=\"noopener\">https:\/\/www.soroptimistinternational.org\/soroptimist-international-foundation\/<\/a><\/p>\t\t\t\t\t\t\t\t<\/div>\n\t\t\t\t<\/div>\n\t\t\t\t<\/div>\n\t\t\t\t<\/div>\n\t\t<div class=\"elementor-element elementor-element-90f008a e-con-full e-flex e-con e-child\" data-id=\"90f008a\" data-element_type=\"container\" data-e-type=\"container\">\n\t\t\t\t<\/div>\n\t\t\t\t\t<\/div>\n\t\t\t\t<\/div>\n\t\t\t\t<\/div>\n\t\t","protected":false},"excerpt":{"rendered":"<p>Accueil &gt; Soutenir les projets Soroptimist &gt; R\u00e9aliser des projets \u00e0 court, moyen et long terme au niveau international pour les femmes et les jeunes filles. Avec la cr\u00e9ation de [&hellip;]<\/p>\n","protected":false},"author":6,"featured_media":0,"parent":49264,"menu_order":64,"comment_status":"closed","ping_status":"closed","template":"","meta":{"_acf_changed":false,"give_campaign_id":0,"footnotes":""},"class_list":["post-49266","page","type-page","status-publish","hentry"],"acf":{"article_photo_de_couverture":"","article_chapeau":null,"article_contenu":null,"article_video":"","article_documents":"","article_actualites_liees":""},"yoast_head":"<!-- This site is optimized with the Yoast SEO plugin v27.3 - https:\/\/yoast.com\/product\/yoast-seo-wordpress\/ -->\n<title>Fondation du Soroptimist International - Soroptimist<\/title>\n<meta name=\"robots\" content=\"index, follow, max-snippet:-1, max-image-preview:large, max-video-preview:-1\" \/>\n<link rel=\"canonical\" href=\"https:\/\/www.soroptimisteurope.org\/support-soroptimist-projects\/soroptimist-international-foundation\/\" \/>\n<meta property=\"og:locale\" content=\"fr_FR\" \/>\n<meta property=\"og:type\" content=\"article\" \/>\n<meta property=\"og:title\" content=\"Fondation du Soroptimist International - Soroptimist\" \/>\n<meta property=\"og:description\" content=\"Accueil &gt; Soutenir les projets Soroptimist &gt; R\u00e9aliser des projets \u00e0 court, moyen et long terme au niveau international pour les femmes et les jeunes filles. Avec la cr\u00e9ation de [&hellip;]\" \/>\n<meta property=\"og:url\" content=\"https:\/\/www.soroptimisteurope.org\/support-soroptimist-projects\/soroptimist-international-foundation\/\" \/>\n<meta property=\"og:site_name\" content=\"Soroptimist\" \/>\n<meta property=\"article:modified_time\" content=\"2025-09-18T10:17:06+00:00\" \/>\n<meta property=\"og:image\" content=\"https:\/\/www.soroptimisteurope.org\/wp-content\/uploads\/2017\/12\/e-black-yellow-words-s-300x300-1.png\" \/>\n\t<meta property=\"og:image:width\" content=\"300\" \/>\n\t<meta property=\"og:image:height\" content=\"300\" \/>\n\t<meta property=\"og:image:type\" content=\"image\/png\" \/>\n<meta name=\"twitter:card\" content=\"summary_large_image\" \/>\n<meta name=\"twitter:label1\" content=\"Dur\u00e9e de lecture estim\u00e9e\" \/>\n\t<meta name=\"twitter:data1\" content=\"1 minute\" \/>\n<script type=\"application\/ld+json\" class=\"yoast-schema-graph\">{\"@context\":\"https:\\\/\\\/schema.org\",\"@graph\":[{\"@type\":\"WebPage\",\"@id\":\"https:\\\/\\\/www.soroptimisteurope.org\\\/support-soroptimist-projects\\\/soroptimist-international-foundation\\\/\",\"url\":\"https:\\\/\\\/www.soroptimisteurope.org\\\/support-soroptimist-projects\\\/soroptimist-international-foundation\\\/\",\"name\":\"Fondation du Soroptimist International - Soroptimist\",\"isPartOf\":{\"@id\":\"https:\\\/\\\/www.soroptimisteurope.org\\\/#website\"},\"primaryImageOfPage\":{\"@id\":\"https:\\\/\\\/www.soroptimisteurope.org\\\/support-soroptimist-projects\\\/soroptimist-international-foundation\\\/#primaryimage\"},\"image\":{\"@id\":\"https:\\\/\\\/www.soroptimisteurope.org\\\/support-soroptimist-projects\\\/soroptimist-international-foundation\\\/#primaryimage\"},\"thumbnailUrl\":\"https:\\\/\\\/www.soroptimisteurope.org\\\/wp-content\\\/uploads\\\/2017\\\/12\\\/e-black-yellow-words-s-300x300-1.png\",\"datePublished\":\"2025-09-16T14:44:08+00:00\",\"dateModified\":\"2025-09-18T10:17:06+00:00\",\"breadcrumb\":{\"@id\":\"https:\\\/\\\/www.soroptimisteurope.org\\\/support-soroptimist-projects\\\/soroptimist-international-foundation\\\/#breadcrumb\"},\"inLanguage\":\"fr-FR\",\"potentialAction\":[{\"@type\":\"ReadAction\",\"target\":[\"https:\\\/\\\/www.soroptimisteurope.org\\\/support-soroptimist-projects\\\/soroptimist-international-foundation\\\/\"]}]},{\"@type\":\"ImageObject\",\"inLanguage\":\"fr-FR\",\"@id\":\"https:\\\/\\\/www.soroptimisteurope.org\\\/support-soroptimist-projects\\\/soroptimist-international-foundation\\\/#primaryimage\",\"url\":\"https:\\\/\\\/www.soroptimisteurope.org\\\/wp-content\\\/uploads\\\/2017\\\/12\\\/e-black-yellow-words-s-300x300-1.png\",\"contentUrl\":\"https:\\\/\\\/www.soroptimisteurope.org\\\/wp-content\\\/uploads\\\/2017\\\/12\\\/e-black-yellow-words-s-300x300-1.png\"},{\"@type\":\"BreadcrumbList\",\"@id\":\"https:\\\/\\\/www.soroptimisteurope.org\\\/support-soroptimist-projects\\\/soroptimist-international-foundation\\\/#breadcrumb\",\"itemListElement\":[{\"@type\":\"ListItem\",\"position\":1,\"name\":\"Accueil\",\"item\":\"https:\\\/\\\/www.soroptimisteurope.org\\\/fr\\\/accueil\\\/\"},{\"@type\":\"ListItem\",\"position\":2,\"name\":\"Soutenir les projets Soroptimist\",\"item\":\"https:\\\/\\\/www.soroptimisteurope.org\\\/support-soroptimist-projects\\\/\"},{\"@type\":\"ListItem\",\"position\":3,\"name\":\"Fondation du Soroptimist International\"}]},{\"@type\":\"WebSite\",\"@id\":\"https:\\\/\\\/www.soroptimisteurope.org\\\/#website\",\"url\":\"https:\\\/\\\/www.soroptimisteurope.org\\\/\",\"name\":\"Soroptimist\",\"description\":\"\",\"potentialAction\":[{\"@type\":\"SearchAction\",\"target\":{\"@type\":\"EntryPoint\",\"urlTemplate\":\"https:\\\/\\\/www.soroptimisteurope.org\\\/?s={search_term_string}\"},\"query-input\":{\"@type\":\"PropertyValueSpecification\",\"valueRequired\":true,\"valueName\":\"search_term_string\"}}],\"inLanguage\":\"fr-FR\"}]}<\/script>\n<!-- \/ Yoast SEO plugin. -->","yoast_head_json":{"title":"Fondation du Soroptimist International - Soroptimist","robots":{"index":"index","follow":"follow","max-snippet":"max-snippet:-1","max-image-preview":"max-image-preview:large","max-video-preview":"max-video-preview:-1"},"canonical":"https:\/\/www.soroptimisteurope.org\/support-soroptimist-projects\/soroptimist-international-foundation\/","og_locale":"fr_FR","og_type":"article","og_title":"Fondation du Soroptimist International - Soroptimist","og_description":"Accueil &gt; Soutenir les projets Soroptimist &gt; R\u00e9aliser des projets \u00e0 court, moyen et long terme au niveau international pour les femmes et les jeunes filles. Avec la cr\u00e9ation de [&hellip;]","og_url":"https:\/\/www.soroptimisteurope.org\/support-soroptimist-projects\/soroptimist-international-foundation\/","og_site_name":"Soroptimist","article_modified_time":"2025-09-18T10:17:06+00:00","og_image":[{"width":300,"height":300,"url":"https:\/\/www.soroptimisteurope.org\/wp-content\/uploads\/2017\/12\/e-black-yellow-words-s-300x300-1.png","type":"image\/png"}],"twitter_card":"summary_large_image","twitter_misc":{"Dur\u00e9e de lecture estim\u00e9e":"1 minute"},"schema":{"@context":"https:\/\/schema.org","@graph":[{"@type":"WebPage","@id":"https:\/\/www.soroptimisteurope.org\/support-soroptimist-projects\/soroptimist-international-foundation\/","url":"https:\/\/www.soroptimisteurope.org\/support-soroptimist-projects\/soroptimist-international-foundation\/","name":"Fondation du Soroptimist International - Soroptimist","isPartOf":{"@id":"https:\/\/www.soroptimisteurope.org\/#website"},"primaryImageOfPage":{"@id":"https:\/\/www.soroptimisteurope.org\/support-soroptimist-projects\/soroptimist-international-foundation\/#primaryimage"},"image":{"@id":"https:\/\/www.soroptimisteurope.org\/support-soroptimist-projects\/soroptimist-international-foundation\/#primaryimage"},"thumbnailUrl":"https:\/\/www.soroptimisteurope.org\/wp-content\/uploads\/2017\/12\/e-black-yellow-words-s-300x300-1.png","datePublished":"2025-09-16T14:44:08+00:00","dateModified":"2025-09-18T10:17:06+00:00","breadcrumb":{"@id":"https:\/\/www.soroptimisteurope.org\/support-soroptimist-projects\/soroptimist-international-foundation\/#breadcrumb"},"inLanguage":"fr-FR","potentialAction":[{"@type":"ReadAction","target":["https:\/\/www.soroptimisteurope.org\/support-soroptimist-projects\/soroptimist-international-foundation\/"]}]},{"@type":"ImageObject","inLanguage":"fr-FR","@id":"https:\/\/www.soroptimisteurope.org\/support-soroptimist-projects\/soroptimist-international-foundation\/#primaryimage","url":"https:\/\/www.soroptimisteurope.org\/wp-content\/uploads\/2017\/12\/e-black-yellow-words-s-300x300-1.png","contentUrl":"https:\/\/www.soroptimisteurope.org\/wp-content\/uploads\/2017\/12\/e-black-yellow-words-s-300x300-1.png"},{"@type":"BreadcrumbList","@id":"https:\/\/www.soroptimisteurope.org\/support-soroptimist-projects\/soroptimist-international-foundation\/#breadcrumb","itemListElement":[{"@type":"ListItem","position":1,"name":"Accueil","item":"https:\/\/www.soroptimisteurope.org\/fr\/accueil\/"},{"@type":"ListItem","position":2,"name":"Soutenir les projets Soroptimist","item":"https:\/\/www.soroptimisteurope.org\/support-soroptimist-projects\/"},{"@type":"ListItem","position":3,"name":"Fondation du Soroptimist International"}]},{"@type":"WebSite","@id":"https:\/\/www.soroptimisteurope.org\/#website","url":"https:\/\/www.soroptimisteurope.org\/","name":"Soroptimist","description":"","potentialAction":[{"@type":"SearchAction","target":{"@type":"EntryPoint","urlTemplate":"https:\/\/www.soroptimisteurope.org\/?s={search_term_string}"},"query-input":{"@type":"PropertyValueSpecification","valueRequired":true,"valueName":"search_term_string"}}],"inLanguage":"fr-FR"}]}},"campaignId":"","_links":{"self":[{"href":"https:\/\/www.soroptimisteurope.org\/fr\/wp-json\/wp\/v2\/pages\/49266","targetHints":{"allow":["GET"]}}],"collection":[{"href":"https:\/\/www.soroptimisteurope.org\/fr\/wp-json\/wp\/v2\/pages"}],"about":[{"href":"https:\/\/www.soroptimisteurope.org\/fr\/wp-json\/wp\/v2\/types\/page"}],"author":[{"embeddable":true,"href":"https:\/\/www.soroptimisteurope.org\/fr\/wp-json\/wp\/v2\/users\/6"}],"replies":[{"embeddable":true,"href":"https:\/\/www.soroptimisteurope.org\/fr\/wp-json\/wp\/v2\/comments?post=49266"}],"version-history":[{"count":2,"href":"https:\/\/www.soroptimisteurope.org\/fr\/wp-json\/wp\/v2\/pages\/49266\/revisions"}],"predecessor-version":[{"id":49374,"href":"https:\/\/www.soroptimisteurope.org\/fr\/wp-json\/wp\/v2\/pages\/49266\/revisions\/49374"}],"up":[{"embeddable":true,"href":"https:\/\/www.soroptimisteurope.org\/fr\/wp-json\/wp\/v2\/pages\/49264"}],"wp:attachment":[{"href":"https:\/\/www.soroptimisteurope.org\/fr\/wp-json\/wp\/v2\/media?parent=49266"}],"curies":[{"name":"wp","href":"https:\/\/api.w.org\/{rel}","templated":true}]}}