{"id":49268,"date":"2025-09-16T16:46:08","date_gmt":"2025-09-16T14:46:08","guid":{"rendered":"https:\/\/www.soroptimisteurope.org\/soutenir-les-projets-soroptimist\/fonds-en-cas-de-catastrophe-et-de-reconstruction\/"},"modified":"2025-10-14T14:44:42","modified_gmt":"2025-10-14T12:44:42","slug":"fonds-en-cas-de-catastrophe-et-de-reconstruction","status":"publish","type":"page","link":"https:\/\/www.soroptimisteurope.org\/fr\/soutenir-les-projets-soroptimist\/fonds-en-cas-de-catastrophe-et-de-reconstruction\/","title":{"rendered":"Fonds en cas de catastrophe et de reconstruction"},"content":{"rendered":"\t\t<div data-elementor-type=\"wp-page\" data-elementor-id=\"49268\" class=\"elementor elementor-49268 elementor-47488\" data-elementor-post-type=\"page\">\n\t\t\t\t<div class=\"elementor-element elementor-element-12f8d35 e-flex e-con-boxed e-con e-parent\" data-id=\"12f8d35\" data-element_type=\"container\" data-e-type=\"container\" data-settings=\"{&quot;background_background&quot;:&quot;classic&quot;,&quot;shape_divider_bottom&quot;:&quot;waves&quot;}\">\n\t\t\t\t\t<div class=\"e-con-inner\">\n\t\t\t\t<div class=\"elementor-shape elementor-shape-bottom\" aria-hidden=\"true\" data-negative=\"false\">\n\t\t\t<svg xmlns=\"http:\/\/www.w3.org\/2000\/svg\" viewBox=\"0 0 1000 100\" preserveAspectRatio=\"none\">\n\t<path class=\"elementor-shape-fill\" d=\"M421.9,6.5c22.6-2.5,51.5,0.4,75.5,5.3c23.6,4.9,70.9,23.5,100.5,35.7c75.8,32.2,133.7,44.5,192.6,49.7\n\tc23.6,2.1,48.7,3.5,103.4-2.5c54.7-6,106.2-25.6,106.2-25.6V0H0v30.3c0,0,72,32.6,158.4,30.5c39.2-0.7,92.8-6.7,134-22.4\n\tc21.2-8.1,52.2-18.2,79.7-24.2C399.3,7.9,411.6,7.5,421.9,6.5z\"\/>\n<\/svg>\t\t<\/div>\n\t\t\t\t<div class=\"elementor-element elementor-element-458efec elementor-widget elementor-widget-heading\" data-id=\"458efec\" data-element_type=\"widget\" data-e-type=\"widget\" data-widget_type=\"heading.default\">\n\t\t\t\t<div class=\"elementor-widget-container\">\n\t\t\t\t\t<div class=\"elementor-heading-title elementor-size-default\">Fonds en cas de catastrophe et de reconstruction<\/div>\t\t\t\t<\/div>\n\t\t\t\t<\/div>\n\t\t\t\t\t<\/div>\n\t\t\t\t<\/div>\n\t\t<div class=\"elementor-element elementor-element-55966f4 e-flex e-con-boxed e-con e-parent\" data-id=\"55966f4\" data-element_type=\"container\" data-e-type=\"container\">\n\t\t\t\t\t<div class=\"e-con-inner\">\n\t\t\t\t<div class=\"elementor-element elementor-element-f552072 elementor-widget elementor-widget-heading\" data-id=\"f552072\" data-element_type=\"widget\" data-e-type=\"widget\" data-widget_type=\"heading.default\">\n\t\t\t\t<div class=\"elementor-widget-container\">\n\t\t\t\t\t<div class=\"elementor-heading-title elementor-size-default\">Accueil<\/div>\t\t\t\t<\/div>\n\t\t\t\t<\/div>\n\t\t\t\t<div class=\"elementor-element elementor-element-76b613d elementor-widget elementor-widget-heading\" data-id=\"76b613d\" data-element_type=\"widget\" data-e-type=\"widget\" data-widget_type=\"heading.default\">\n\t\t\t\t<div class=\"elementor-widget-container\">\n\t\t\t\t\t<h2 class=\"elementor-heading-title elementor-size-default\">&gt;<\/h2>\t\t\t\t<\/div>\n\t\t\t\t<\/div>\n\t\t\t\t<div class=\"elementor-element elementor-element-bf3682d elementor-widget elementor-widget-heading\" data-id=\"bf3682d\" data-element_type=\"widget\" data-e-type=\"widget\" data-widget_type=\"heading.default\">\n\t\t\t\t<div class=\"elementor-widget-container\">\n\t\t\t\t\t<div class=\"elementor-heading-title elementor-size-default\">Soutenir les projets Soroptimist<\/div>\t\t\t\t<\/div>\n\t\t\t\t<\/div>\n\t\t\t\t<div class=\"elementor-element elementor-element-403d5d7 elementor-widget elementor-widget-heading\" data-id=\"403d5d7\" data-element_type=\"widget\" data-e-type=\"widget\" data-widget_type=\"heading.default\">\n\t\t\t\t<div class=\"elementor-widget-container\">\n\t\t\t\t\t<h2 class=\"elementor-heading-title elementor-size-default\">&gt;<\/h2>\t\t\t\t<\/div>\n\t\t\t\t<\/div>\n\t\t\t\t<div class=\"elementor-element elementor-element-36596e5 elementor-widget elementor-widget-heading\" data-id=\"36596e5\" data-element_type=\"widget\" data-e-type=\"widget\" data-widget_type=\"heading.default\">\n\t\t\t\t<div class=\"elementor-widget-container\">\n\t\t\t\t\t<h2 class=\"elementor-heading-title elementor-size-default\">Fonds en cas de catastrophe et de reconstruction<\/h2>\t\t\t\t<\/div>\n\t\t\t\t<\/div>\n\t\t\t\t\t<\/div>\n\t\t\t\t<\/div>\n\t\t<div class=\"elementor-element elementor-element-555723f e-flex e-con-boxed e-con e-parent\" data-id=\"555723f\" data-element_type=\"container\" data-e-type=\"container\">\n\t\t\t\t\t<div class=\"e-con-inner\">\n\t\t<div class=\"elementor-element elementor-element-14b05a7 e-grid e-con-full e-con e-child\" data-id=\"14b05a7\" data-element_type=\"container\" data-e-type=\"container\">\n\t\t<div class=\"elementor-element elementor-element-b56104e e-con-full e-flex e-con e-child\" data-id=\"b56104e\" data-element_type=\"container\" data-e-type=\"container\">\n\t\t\t\t<div class=\"elementor-element elementor-element-d714a2f elementor-widget elementor-widget-text-editor\" data-id=\"d714a2f\" data-element_type=\"widget\" data-e-type=\"widget\" data-widget_type=\"text-editor.default\">\n\t\t\t\t<div class=\"elementor-widget-container\">\n\t\t\t\t\t\t\t\t\t<p><strong><span class=\"chapeau\">Le Fonds en cas de catastrophe et reconstruction accorde des subventions pour r\u00e9pondre aux besoins sp\u00e9cifiques des femmes et des filles qui se remettent d&rsquo;une catastrophe naturelle ou de conflits arm\u00e9s.<\/span><\/strong><\/p><p>Si l&rsquo;aide imm\u00e9diate est souvent urgente, l&rsquo;exp\u00e9rience montre que les projets ax\u00e9s sur le r\u00e9tablissement \u00e0 long terme offrent un soutien plus durable et plus efficace.<\/p><p>Les clubs et les Unions de toutes les r\u00e9gions peuvent demander des subventions pour aider les femmes et les jeunes filles touch\u00e9es par des catastrophes telles que les tremblements de terre, les inondations, les tsunamis, les temp\u00eates, les \u00e9ruptions volcaniques et les conflits arm\u00e9s. Le Fonds a soutenu des projets en faveur des victimes d&rsquo;inondations et de tremblements de terre, des r\u00e9fugi\u00e9s et des femmes vivant dans des zones de guerre. <\/p><p>Les Soroptimist int\u00e9ress\u00e9es par une demande de subvention au Fonds en cas de catastrophe et reconstruction peuvent se connecter \u00e0 l&rsquo;espace membre pour plus d&rsquo;informations.<\/p>\t\t\t\t\t\t\t\t<\/div>\n\t\t\t\t<\/div>\n\t\t\t\t<\/div>\n\t\t<div class=\"elementor-element elementor-element-4111e98 e-con-full e-flex e-con e-child\" data-id=\"4111e98\" data-element_type=\"container\" data-e-type=\"container\">\n\t\t\t\t<div class=\"elementor-element elementor-element-d30d459 elementor-widget elementor-widget-shortcode\" data-id=\"d30d459\" data-element_type=\"widget\" data-e-type=\"widget\" data-widget_type=\"shortcode.default\">\n\t\t\t\t<div class=\"elementor-widget-container\">\n\t\t\t\t\t\t\t<div class=\"elementor-shortcode\"><div class='root-data-givewp-embed' data-form-locale='fr_FR' data-form-url='https:\/\/www.soroptimisteurope.org\/?post_type=give_forms&#038;p=47594' data-form-view-url='https:\/\/www.soroptimisteurope.org\/fr\/?givewp-route=donation-form-view&form-id=47594' data-src='https:\/\/www.soroptimisteurope.org\/fr\/?givewp-route=donation-form-view&form-id=47594' data-givewp-embed-id='give-form-shortcode-1' data-form-format='' data-open-form-button='Faire un don maintenant' style='--givewp-primary-color: #004a9a; --givewp-secondary-color: #004a9a;'><\/div><\/div>\n\t\t\t\t\t\t<\/div>\n\t\t\t\t<\/div>\n\t\t\t\t<\/div>\n\t\t\t\t<\/div>\n\t\t\t\t\t<\/div>\n\t\t\t\t<\/div>\n\t\t\t\t<\/div>\n\t\t","protected":false},"excerpt":{"rendered":"<p>Accueil &gt; Soutenir les projets Soroptimist &gt; Le Fonds en cas de catastrophe et reconstruction accorde des subventions pour r\u00e9pondre aux besoins sp\u00e9cifiques des femmes et des filles qui se [&hellip;]<\/p>\n","protected":false},"author":6,"featured_media":0,"parent":49264,"menu_order":60,"comment_status":"closed","ping_status":"closed","template":"","meta":{"_acf_changed":false,"give_campaign_id":0,"footnotes":""},"class_list":["post-49268","page","type-page","status-publish","hentry"],"acf":{"article_photo_de_couverture":"","article_chapeau":null,"article_contenu":null,"article_video":"","article_documents":"","article_actualites_liees":""},"yoast_head":"<!-- This site is optimized with the Yoast SEO plugin v27.3 - https:\/\/yoast.com\/product\/yoast-seo-wordpress\/ -->\n<title>Fonds en cas de catastrophe et de reconstruction - Soroptimist<\/title>\n<meta name=\"robots\" content=\"index, follow, max-snippet:-1, max-image-preview:large, max-video-preview:-1\" \/>\n<link rel=\"canonical\" href=\"https:\/\/www.soroptimisteurope.org\/fr\/soutenir-les-projets-soroptimist\/fonds-en-cas-de-catastrophe-et-de-reconstruction\/\" \/>\n<meta property=\"og:locale\" content=\"fr_FR\" \/>\n<meta property=\"og:type\" content=\"article\" \/>\n<meta property=\"og:title\" content=\"Fonds en cas de catastrophe et de reconstruction - Soroptimist\" \/>\n<meta property=\"og:description\" content=\"Accueil &gt; Soutenir les projets Soroptimist &gt; Le Fonds en cas de catastrophe et reconstruction accorde des subventions pour r\u00e9pondre aux besoins sp\u00e9cifiques des femmes et des filles qui se [&hellip;]\" \/>\n<meta property=\"og:url\" content=\"https:\/\/www.soroptimisteurope.org\/fr\/soutenir-les-projets-soroptimist\/fonds-en-cas-de-catastrophe-et-de-reconstruction\/\" \/>\n<meta property=\"og:site_name\" content=\"Soroptimist\" \/>\n<meta property=\"article:modified_time\" content=\"2025-10-14T12:44:42+00:00\" \/>\n<meta name=\"twitter:card\" content=\"summary_large_image\" \/>\n<meta name=\"twitter:label1\" content=\"Dur\u00e9e de lecture estim\u00e9e\" \/>\n\t<meta name=\"twitter:data1\" content=\"1 minute\" \/>\n<script type=\"application\/ld+json\" class=\"yoast-schema-graph\">{\"@context\":\"https:\\\/\\\/schema.org\",\"@graph\":[{\"@type\":\"WebPage\",\"@id\":\"https:\\\/\\\/www.soroptimisteurope.org\\\/fr\\\/soutenir-les-projets-soroptimist\\\/fonds-en-cas-de-catastrophe-et-de-reconstruction\\\/\",\"url\":\"https:\\\/\\\/www.soroptimisteurope.org\\\/fr\\\/soutenir-les-projets-soroptimist\\\/fonds-en-cas-de-catastrophe-et-de-reconstruction\\\/\",\"name\":\"Fonds en cas de catastrophe et de reconstruction - Soroptimist\",\"isPartOf\":{\"@id\":\"https:\\\/\\\/www.soroptimisteurope.org\\\/#website\"},\"datePublished\":\"2025-09-16T14:46:08+00:00\",\"dateModified\":\"2025-10-14T12:44:42+00:00\",\"breadcrumb\":{\"@id\":\"https:\\\/\\\/www.soroptimisteurope.org\\\/fr\\\/soutenir-les-projets-soroptimist\\\/fonds-en-cas-de-catastrophe-et-de-reconstruction\\\/#breadcrumb\"},\"inLanguage\":\"fr-FR\",\"potentialAction\":[{\"@type\":\"ReadAction\",\"target\":[\"https:\\\/\\\/www.soroptimisteurope.org\\\/fr\\\/soutenir-les-projets-soroptimist\\\/fonds-en-cas-de-catastrophe-et-de-reconstruction\\\/\"]}]},{\"@type\":\"BreadcrumbList\",\"@id\":\"https:\\\/\\\/www.soroptimisteurope.org\\\/fr\\\/soutenir-les-projets-soroptimist\\\/fonds-en-cas-de-catastrophe-et-de-reconstruction\\\/#breadcrumb\",\"itemListElement\":[{\"@type\":\"ListItem\",\"position\":1,\"name\":\"Accueil\",\"item\":\"https:\\\/\\\/www.soroptimisteurope.org\\\/fr\\\/accueil\\\/\"},{\"@type\":\"ListItem\",\"position\":2,\"name\":\"Soutenir les projets Soroptimist\",\"item\":\"https:\\\/\\\/www.soroptimisteurope.org\\\/support-soroptimist-projects\\\/\"},{\"@type\":\"ListItem\",\"position\":3,\"name\":\"Fonds en cas de catastrophe et de reconstruction\"}]},{\"@type\":\"WebSite\",\"@id\":\"https:\\\/\\\/www.soroptimisteurope.org\\\/#website\",\"url\":\"https:\\\/\\\/www.soroptimisteurope.org\\\/\",\"name\":\"Soroptimist\",\"description\":\"\",\"potentialAction\":[{\"@type\":\"SearchAction\",\"target\":{\"@type\":\"EntryPoint\",\"urlTemplate\":\"https:\\\/\\\/www.soroptimisteurope.org\\\/?s={search_term_string}\"},\"query-input\":{\"@type\":\"PropertyValueSpecification\",\"valueRequired\":true,\"valueName\":\"search_term_string\"}}],\"inLanguage\":\"fr-FR\"}]}<\/script>\n<!-- \/ Yoast SEO plugin. -->","yoast_head_json":{"title":"Fonds en cas de catastrophe et de reconstruction - Soroptimist","robots":{"index":"index","follow":"follow","max-snippet":"max-snippet:-1","max-image-preview":"max-image-preview:large","max-video-preview":"max-video-preview:-1"},"canonical":"https:\/\/www.soroptimisteurope.org\/fr\/soutenir-les-projets-soroptimist\/fonds-en-cas-de-catastrophe-et-de-reconstruction\/","og_locale":"fr_FR","og_type":"article","og_title":"Fonds en cas de catastrophe et de reconstruction - Soroptimist","og_description":"Accueil &gt; Soutenir les projets Soroptimist &gt; Le Fonds en cas de catastrophe et reconstruction accorde des subventions pour r\u00e9pondre aux besoins sp\u00e9cifiques des femmes et des filles qui se [&hellip;]","og_url":"https:\/\/www.soroptimisteurope.org\/fr\/soutenir-les-projets-soroptimist\/fonds-en-cas-de-catastrophe-et-de-reconstruction\/","og_site_name":"Soroptimist","article_modified_time":"2025-10-14T12:44:42+00:00","twitter_card":"summary_large_image","twitter_misc":{"Dur\u00e9e de lecture estim\u00e9e":"1 minute"},"schema":{"@context":"https:\/\/schema.org","@graph":[{"@type":"WebPage","@id":"https:\/\/www.soroptimisteurope.org\/fr\/soutenir-les-projets-soroptimist\/fonds-en-cas-de-catastrophe-et-de-reconstruction\/","url":"https:\/\/www.soroptimisteurope.org\/fr\/soutenir-les-projets-soroptimist\/fonds-en-cas-de-catastrophe-et-de-reconstruction\/","name":"Fonds en cas de catastrophe et de reconstruction - Soroptimist","isPartOf":{"@id":"https:\/\/www.soroptimisteurope.org\/#website"},"datePublished":"2025-09-16T14:46:08+00:00","dateModified":"2025-10-14T12:44:42+00:00","breadcrumb":{"@id":"https:\/\/www.soroptimisteurope.org\/fr\/soutenir-les-projets-soroptimist\/fonds-en-cas-de-catastrophe-et-de-reconstruction\/#breadcrumb"},"inLanguage":"fr-FR","potentialAction":[{"@type":"ReadAction","target":["https:\/\/www.soroptimisteurope.org\/fr\/soutenir-les-projets-soroptimist\/fonds-en-cas-de-catastrophe-et-de-reconstruction\/"]}]},{"@type":"BreadcrumbList","@id":"https:\/\/www.soroptimisteurope.org\/fr\/soutenir-les-projets-soroptimist\/fonds-en-cas-de-catastrophe-et-de-reconstruction\/#breadcrumb","itemListElement":[{"@type":"ListItem","position":1,"name":"Accueil","item":"https:\/\/www.soroptimisteurope.org\/fr\/accueil\/"},{"@type":"ListItem","position":2,"name":"Soutenir les projets Soroptimist","item":"https:\/\/www.soroptimisteurope.org\/support-soroptimist-projects\/"},{"@type":"ListItem","position":3,"name":"Fonds en cas de catastrophe et de reconstruction"}]},{"@type":"WebSite","@id":"https:\/\/www.soroptimisteurope.org\/#website","url":"https:\/\/www.soroptimisteurope.org\/","name":"Soroptimist","description":"","potentialAction":[{"@type":"SearchAction","target":{"@type":"EntryPoint","urlTemplate":"https:\/\/www.soroptimisteurope.org\/?s={search_term_string}"},"query-input":{"@type":"PropertyValueSpecification","valueRequired":true,"valueName":"search_term_string"}}],"inLanguage":"fr-FR"}]}},"campaignId":"","_links":{"self":[{"href":"https:\/\/www.soroptimisteurope.org\/fr\/wp-json\/wp\/v2\/pages\/49268","targetHints":{"allow":["GET"]}}],"collection":[{"href":"https:\/\/www.soroptimisteurope.org\/fr\/wp-json\/wp\/v2\/pages"}],"about":[{"href":"https:\/\/www.soroptimisteurope.org\/fr\/wp-json\/wp\/v2\/types\/page"}],"author":[{"embeddable":true,"href":"https:\/\/www.soroptimisteurope.org\/fr\/wp-json\/wp\/v2\/users\/6"}],"replies":[{"embeddable":true,"href":"https:\/\/www.soroptimisteurope.org\/fr\/wp-json\/wp\/v2\/comments?post=49268"}],"version-history":[{"count":3,"href":"https:\/\/www.soroptimisteurope.org\/fr\/wp-json\/wp\/v2\/pages\/49268\/revisions"}],"predecessor-version":[{"id":50237,"href":"https:\/\/www.soroptimisteurope.org\/fr\/wp-json\/wp\/v2\/pages\/49268\/revisions\/50237"}],"up":[{"embeddable":true,"href":"https:\/\/www.soroptimisteurope.org\/fr\/wp-json\/wp\/v2\/pages\/49264"}],"wp:attachment":[{"href":"https:\/\/www.soroptimisteurope.org\/fr\/wp-json\/wp\/v2\/media?parent=49268"}],"curies":[{"name":"wp","href":"https:\/\/api.w.org\/{rel}","templated":true}]}}