{"id":756,"date":"2016-08-05T10:52:52","date_gmt":"2016-08-05T09:52:52","guid":{"rendered":"http:\/\/www.soroptimisteurope.org\/fr\/?page_id=756"},"modified":"2024-11-11T09:57:00","modified_gmt":"2024-11-11T08:57:00","slug":"qui-sommes-nous","status":"publish","type":"page","link":"https:\/\/www.soroptimisteurope.org\/fr\/a-propos\/qui-sommes-nous\/","title":{"rendered":"Qui sommes-nous ?"},"content":{"rendered":"<p>Les Soroptimist travaillent sur les probl\u00e9matiques des femmes dans leurs communaut\u00e9s et au del\u00e0 depuis la fondation du Soroptimist International en 1921. Aujourd\u2019hui, nous constituons un r\u00e9seau international puissant comptant quelque 65 000 femmes, qui d\u00e9fendent efficacement les droits des femmes et des filles.<\/p>\n<p>Le Soroptimist International d\u2019Europe, la plus importante des cinq F\u00e9d\u00e9rations du Soroptimist International, regroupe \u00e0 l\u2019heure actuelle 29 778 femmes en Europe, au Moyen-Orient et dans les Cara\u00efbes. Chaque ann\u00e9e, les Unions nationales et les Clubs du Soroptimist International d\u2019Europe initient, soutiennent, financent et mettent en \u0153uvre plus de 4 000 projets pour des millions d\u2019euros. Nos membres travaillent dans leurs communaut\u00e9s et au-del\u00e0 pour apporter une aide concr\u00e8te et pratique aux femmes et aux filles.<\/p>\n<h3><span style=\"color: #ffcc00;\"><strong>Vision<\/strong><\/span><\/h3>\n<p>Les femmes et les filles r\u00e9aliseront leur potentiel individuel et collectif, concr\u00e9tiseront leurs aspirations et auront une voix \u00e9gale pour cr\u00e9er des communaut\u00e9s fortes et pacifiques dans le monde entier.<\/p>\n<h3><span style=\"color: #ffcc00;\"><strong>Mission<\/strong><\/span><\/h3>\n<p>Les Soroptimist transforment la vie et la condition des femmes et des filles en leur donnant acc\u00e8s \u00e0 de meilleures opportunit\u00e9s gr\u00e2ce \u00e0 l&rsquo;\u00e9ducation et l&rsquo;autonomisation.<\/p>\n<h3><span style=\"color: #ffcc00;\"><strong>Principes<\/strong><\/span><\/h3>\n<p>Les principes du Soroptimist sont d\u2019\u0153uvrer pour :<\/p>\n<p>&#8211; la promotion du statut des femmes<\/p>\n<p>&#8211; le maintien d&rsquo;un haut niveau de moralit\u00e9<\/p>\n<p>&#8211; les Droits de l&rsquo;homme pour tou-te-s<\/p>\n<p>&#8211; l\u2019\u00e9galit\u00e9 et la paix \u00e0 travers la compr\u00e9hension et le bon vouloir \u00e0 l&rsquo;\u00e9chelle internationale<\/p>\n<p>&#8211; le d\u00e9veloppement durable<\/p>\n","protected":false},"excerpt":{"rendered":"<p>Les Soroptimist sont des femmes professionnellement actives qui travaillent ensemble aux niveaux local, national et international pour \u00e9duquer et autonomiser les femmes et les filles et leur permettre de r\u00e9aliser leur plein potentiel dans le but d\u2019am\u00e9liorer leur vie.<\/p>\n","protected":false},"author":1,"featured_media":0,"parent":825,"menu_order":76,"comment_status":"closed","ping_status":"closed","template":"page-about.php","meta":{"_acf_changed":false,"give_campaign_id":0,"footnotes":""},"class_list":["post-756","page","type-page","status-publish","hentry"],"acf":{"about_siege_email":"siehq@soroptimist.yannandco.ch","about_siege_facebook":"https:\/\/www.facebook.com\/SoroptimistInternationalofEurope","about_siege_twitter":"https:\/\/twitter.com\/SIEurope","about_titre_bloc_droite":"Plus d'info sur les actions du Soroptimist","about_notre_histoire":"<p>Le premier club Soroptimist a \u00e9t\u00e9 inaugur\u00e9 \u00e0 Oakland (Californie) en 1921. L'organisation a eu et a toujours pour objectif de cr\u00e9er un vaste r\u00e9seau de femmes de professions vari\u00e9es, afin de favoriser un esprit de service et d'encourager des standards \u00e9thiques \u00e9lev\u00e9s, tant au niveau professionnel que dans les affaires.<\/p>\n<p>En France, le Dr Suzanne No\u00ebl, c\u00e9l\u00e8bre chirurgienne en reconstruction plastique, a cr\u00e9\u00e9 le premier club Soroptimist International \u00e0 Paris en 1924, et a \u00e9t\u00e9 \u00e0 l'origine de la cr\u00e9ation de nombreux autres clubs sur le continent europ\u00e9en. Le Dr Suzanne No\u00ebl est devenue la premi\u00e8re Pr\u00e9sidente de la F\u00e9d\u00e9ration europ\u00e9enne en 1928.<\/p>\n","about_chapeau_organisation":"Les Soroptimist sont organis\u00e9es en clubs dans leur ville ou leur village, chaque club comptant environ 30 membres. Pour des raisons historiques, le Soroptimist International d'Europe inclut les clubs situ\u00e9s dans certains pays du Moyen Orient et des Cara\u00efbes, en plus des clubs d\u2019Europe.","about_texte_origanisation":"<p>Soroptimist International d&rsquo;Europe est form\u00e9 actuellement de plus de 1 146 clubs. Lorsqu\u2019un pays comprend 5 clubs ou plus et 100 membres, ces derniers forment une \u00ab union \u00bb. Soroptimist International d&rsquo;Europe compte actuellement 21 unions.<\/p>\n<p>Il existe quatre autres f\u00e9d\u00e9rations Soroptimist International (SI) dans le monde :<\/p>\n<ul>\n<li>SI des Am\u00e9riques (<a href=\"http:\/\/soroptimist.org\/\">SIA<\/a>)<\/li>\n<li>SI de Grande-Bretagne et d\u2019Irlande (<a href=\"http:\/\/sigbi.org\/\" target=\"_blank\" rel=\"noopener\">SIGBI<\/a>)<\/li>\n<li>SI d&rsquo;Asie du Sud-Est Pacifique (<a href=\"http:\/\/www.siswp.org\/\" target=\"_blank\" rel=\"noopener\">SISEAP<\/a>)<\/li>\n<li>SI d&rsquo;Afrique (<a href=\"https:\/\/siafrica.org\/FR\/home\" target=\"_blank\" rel=\"noopener\">SIAF<\/a>)<\/li>\n<\/ul>\n<p>Ces cinq f\u00e9d\u00e9rations forment le<a href=\"http:\/\/soroptimistinternational.org\/\" target=\"_blank\" rel=\"noopener\"> Soroptimist International<\/a>, et repr\u00e9sentent au total plus de 65 000 membres dans 121 pays.<\/p>\n","about_paternariats":"<p>Soroptimist International d'Europe est fier de d\u00e9tenir un statut consultatif aupr\u00e8s de l'ECOSOC des Nations Unies, un statut participatif aupr\u00e8s du Conseil de l'Europe et du Lobby europ\u00e9en des femmes, et de contribuer aux travaux de l'OSCE. Les Soroptimist participent r\u00e9guli\u00e8rement \u00e0 divers forums des ONG qui traitent des probl\u00e9matiques des femmes aux niveaux national et international.<\/p>\n","about_prix_titre":"La laur\u00e9ate 2017 du prix Soroptimist pour la paix G\u00e9g\u00e9 Katana Bukuru","about_prix_texte":"<p>G\u00e9g\u00e9 Katana Bukuru est laur\u00e9ate du pric Soroptimist pour la paix pour son admirable et courageux engagement dans la lutte pour les droits des femmes dans son pays natal d\u00e9chir\u00e9 par la guerre depuis plus d\u2019un quart de si\u00e8cle. En 2001, G\u00e9g\u00e9 a fond\u00e9 la SOFAD, la Solidarit\u00e9 des femmes activistes pour la d\u00e9fense des droits humains, un r\u00e9seau local qui r\u00e9unit plus de six cents femmes qui combattent pour les droits \u00e9conomiques, socio-culturels, civils et politiques en Afrique orientale, une r\u00e9gion dans laquelle les violences sexuelles contre les femmes, y compris les femmes \u00e2g\u00e9es et les tr\u00e8s jeunes filles sont consid\u00e9r\u00e9es par les deux forces militaires en pr\u00e9sence, comme \u00e9tant une \u00ab prise de guerre \u00bb l\u00e9gitime.<\/p>\n","about_prix_last_winners":[{"about_prix_annee":"2015","about_prix_nom":"Edit Schlaffer"},{"about_prix_annee":"2013","about_prix_nom":"Silvana Arbia"},{"about_prix_annee":"2011","about_prix_nom":"Sylvia Borren"},{"about_prix_annee":"2009","about_prix_nom":"Valdete Idrizi"},{"about_prix_annee":"2007","about_prix_nom":"Carla del Ponte"}],"about_siege_telephone":"+41 (0)22 346 08 80","about_illustration_bloc_droite":{"ID":20596,"id":20596,"title":"thumbnail","filename":"thumbnail-1.jpg","filesize":170889,"url":"https:\/\/www.soroptimisteurope.org\/wp-content\/uploads\/2021\/04\/thumbnail-1.jpg","link":"https:\/\/www.soroptimisteurope.org\/fr\/a-propos\/qui-sommes-nous\/thumbnail\/","alt":"","author":"3","description":"","caption":"","name":"thumbnail","status":"inherit","uploaded_to":756,"date":"2021-04-21 13:45:39","modified":"2021-04-21 13:45:39","menu_order":0,"mime_type":"image\/jpeg","type":"image","subtype":"jpeg","icon":"https:\/\/www.soroptimisteurope.org\/wp-content\/plugins\/media-library-assistant\/images\/crystal\/image.png","width":1665,"height":937,"sizes":{"thumbnail":"https:\/\/www.soroptimisteurope.org\/wp-content\/uploads\/2021\/04\/thumbnail-1-150x150.jpg","thumbnail-width":150,"thumbnail-height":150,"medium":"https:\/\/www.soroptimisteurope.org\/wp-content\/uploads\/2021\/04\/thumbnail-1-300x169.jpg","medium-width":300,"medium-height":169,"medium_large":"https:\/\/www.soroptimisteurope.org\/wp-content\/uploads\/2021\/04\/thumbnail-1-768x432.jpg","medium_large-width":768,"medium_large-height":432,"large":"https:\/\/www.soroptimisteurope.org\/wp-content\/uploads\/2021\/04\/thumbnail-1-1024x576.jpg","large-width":800,"large-height":450,"1536x1536":"https:\/\/www.soroptimisteurope.org\/wp-content\/uploads\/2021\/04\/thumbnail-1-1536x864.jpg","1536x1536-width":1536,"1536x1536-height":864,"2048x2048":"https:\/\/www.soroptimisteurope.org\/wp-content\/uploads\/2021\/04\/thumbnail-1.jpg","2048x2048-width":1665,"2048x2048-height":937}},"about_bureau_texte":"Le Bureau du Soroptimist International est \u00e9lu pour une p\u00e9riode de deux ans.","about_paternariats_lien":{"ID":5497,"post_author":"5","post_date":"2017-01-31 10:28:07","post_date_gmt":"2017-01-31 09:28:07","post_content":"<h3>Le Conseil \u00e9conomique et social des Nations Unies ECOSOC<\/h3>Nous avons le privil\u00e8ge de disposer avec 150 ONG, d\u2019un statut consultatif g\u00e9n\u00e9ral aupr\u00e8s du Conseil \u00e9conomique et social des Nations Unies ECOSOC, qui nous permet de participer au travail des Nations Unies par le biais de d\u00e9clarations et en prenant part \u00e0 des d\u00e9bats, r\u00e9unions et tables rondes qui traitent de questions relatives \u00e0 la cause des femmes.\n\n&nbsp;\n\nAu travers de son statut ECOSOC, Soroptimist International d'Europe participe au travail des Nations Unies sur la Commission de la condition de la femme (CSW). Nos repr\u00e9sentantes contribuent au travail du Comit\u00e9 des ONG sur la Commission de la condition de la femme (CSW) tout au long de l'ann\u00e9e et participent \u00e0 la session annuelle de la CSW au Nations Unies \u00e0 New York. Elles prennent aussi part aux sessions men\u00e9es par les pays et les ONG afin de soulever les pr\u00e9occupations des femmes dans les 60 pays o\u00f9 le Soroptimist International d'Europe est actif et de plaider en faveur des int\u00e9r\u00eats de leurs membres et de femmes \u00e0 travers le monde. Pour les Soroptimistes, contribuer au travail de la Commission de la condition de la femme est l'occasion de conna\u00eetre d\u2019autres acteurs qui travaillent sur le th\u00e8me de l\u2019am\u00e9lioration de la vie des femmes et des filles, et de partager les exp\u00e9riences et les meilleures pratiques \u00e9tablies par les Soroptimistes \u00e0 cet \u00e9gard.\n\n&nbsp;\n\nSoroptimist International d'Europe contribue \u00e9galement \u00e0 l\u2019action des Nations Unies sur la Convention sur l\u2019\u00e9limination de toutes les formes de discrimination \u00e0 l\u2019\u00e9gard des femmes (CEDAW), qui se r\u00e9unit plusieurs fois par an \u00e0 Gen\u00e8ve tout en s\u2019impliquant dans le travail du Conseil des Droits de l\u2019homme des Nations Unies qui traite parfois des enjeux sp\u00e9cifiques li\u00e9s aux femmes.\n\n&nbsp;\n\nGr\u00e2ce \u00e0 ses repr\u00e9sentantes permanentes, les Soroptimist ont une pr\u00e9sence continue dans les diff\u00e9rents centres des Nations Unies \u00e0 New York, Gen\u00e8ve et Vienne, \u00e0 l'UNESCO \u00e0 Paris, \u00e0 la FAO \u00e0 Rome, et au PNUE \u00e0 Nairobi.<h3>LE CONSEIL DE L'EUROPE<\/h3>Soroptimist International d'Europe est \u00e9galement fier de d\u00e9tenir un statut participatif aupr\u00e8s du Conseil de l'Europe (CoE). Soroptimist International d'Europe soutient le travail du Conseil de l'Europe dans la promotion des droits de l'homme en faisant pression pour la mise en \u0153uvre de ses diff\u00e9rentes conventions concernant les femmes et les enfants.\n\n&nbsp;\n\nLes Soroptimist plaident donc sans rel\u00e2che en faveur de la mise en \u0153uvre de la Convention sur la pr\u00e9vention et la lutte contre la violence \u00e0 l\u2019\u00e9gard des femmes et la violence domestique (aussi connue sous le nom de la Convention d'Istanbul) ainsi que la Convention du Conseil de l'Europe sur la lutte contre la traite des \u00eatres humains, et la Convention du Conseil de l'Europe sur la protection des enfants contre l'exploitation et les abus sexuels dans leur pays.\n\n&nbsp;\n\nAvec l\u2019appui de nos repr\u00e9sentantes permanentes, nous sommes \u00e9galement activement engag\u00e9es au sein de la Conf\u00e9rence des OING du Conseil de l'Europe.<h3>LE LOBBY EUROPEEN DES FEMMES<\/h3>Soroptimist International d'Europe a \u00e9galement un statut participatif aupr\u00e8s du Lobby europ\u00e9en des femmes (LEF), la principale organisation fa\u00eeti\u00e8re des associations de femmes dans l'Union europ\u00e9enne.\n\n&nbsp;\n\nLe LEF repr\u00e9sente les int\u00e9r\u00eats des organisations de 2.500 femmes et travaille \u00e0 \u00abr\u00e9aliser l\u2019\u00e9galit\u00e9 entre les femmes et les hommes, de promouvoir les droits des femmes dans les sph\u00e8res publiques et priv\u00e9es, d\u2019\u0153uvrer en faveur de la justice \u00e9conomique et sociale pour toutes les femmes dans leur diversit\u00e9, d\u2019\u00e9radiquer toutes formes de violence masculine envers les femmes\u00bb.\n\n&nbsp;\n\nFort d'une exp\u00e9rience de plus de 20 ans sur le travail de lobbying et de plaidoyer au niveau europ\u00e9en, le LEF continue d'\u00eatre un excellent exemple et outil de ressources pour les Soroptimist en termes d\u2019actions ciblant essentiellement le lobbying. Les Soroptimist s'engagent activement \u00e0 soutenir les actions et les campagnes du LEF et mobiliser l\u2019attention sur les probl\u00e8mes mis en \u00e9vidence par le LEF.<h3>L\u2019OSCE<\/h3>Soroptimist International d'Europe participe \u00e9galement aux travaux de l'Organisation pour la s\u00e9curit\u00e9 et la coop\u00e9ration en Europe (OSCE), la plus grande organisation intergouvernementale mondiale orient\u00e9e vers la s\u00e9curit\u00e9.\n\n&nbsp;\n\nGr\u00e2ce \u00e0 ses repr\u00e9sentantes permanentes, Soroptimist International d'Europe contribue aux travaux de la plus ancienne institution de l'OSCE, le Bureau des institutions d\u00e9mocratiques et des droits de l'homme (BIDDH) qui traite entre autres du trafic d\u2019\u00eatres humains, de la violence \u00e0 l\u2019\u00e9gard des les femmes et de l'\u00e9galit\u00e9 entre les sexes.<h3>AUTRES<\/h3>Les Soroptimist participent aussi r\u00e9guli\u00e8rement \u00e0 diff\u00e9rents forums d'ONG qui traitent des probl\u00e9matiques des femmes aux niveaux national et international.","post_title":"Lobbying international","post_excerpt":"Le travail de lobbying est men\u00e9 \u00e0 un niveau international pour la ratification et la mise en oeuvre de trait\u00e9s qui concernent les femmes, ainsi que l'exigence que soit accord\u00e9e aux probl\u00e9matiques prioritaires pour les femmes une juste place sur l'agenda mondial du d\u00e9veloppement.","post_status":"publish","comment_status":"closed","ping_status":"closed","post_password":"","post_name":"lobbying-niveau-international","to_ping":"","pinged":"","post_modified":"2025-11-25 14:49:23","post_modified_gmt":"2025-11-25 13:49:23","post_content_filtered":"","post_parent":0,"guid":"http:\/\/www.soroptimisteurope.org\/fr\/?p=5497","menu_order":0,"post_type":"post","post_mime_type":"","comment_count":"0","filter":"raw"},"about_adresse_complement":"1206 Geneva, Switzerland","about_prix_image":{"ID":8865,"id":8865,"title":"Katana-Gege-Bukuru","filename":"katana-gege-bukuru.jpg","filesize":309371,"url":"https:\/\/www.soroptimisteurope.org\/wp-content\/uploads\/2017\/07\/katana-gege-bukuru.jpg","link":"https:\/\/www.soroptimisteurope.org\/fr\/katana-gege-bukuru\/","alt":"","author":"2","description":"","caption":"","name":"katana-gege-bukuru","status":"inherit","uploaded_to":0,"date":"2017-07-16 10:54:19","modified":"2017-07-19 09:33:30","menu_order":0,"mime_type":"image\/jpeg","type":"image","subtype":"jpeg","icon":"https:\/\/www.soroptimisteurope.org\/wp-content\/plugins\/media-library-assistant\/images\/crystal\/image.png","width":547,"height":652,"sizes":{"thumbnail":"https:\/\/www.soroptimisteurope.org\/wp-content\/uploads\/2017\/07\/katana-gege-bukuru-150x150.jpg","thumbnail-width":150,"thumbnail-height":150,"medium":"https:\/\/www.soroptimisteurope.org\/wp-content\/uploads\/2017\/07\/katana-gege-bukuru-252x300.jpg","medium-width":252,"medium-height":300,"medium_large":"https:\/\/www.soroptimisteurope.org\/wp-content\/uploads\/2017\/07\/katana-gege-bukuru.jpg","medium_large-width":547,"medium_large-height":652,"large":"https:\/\/www.soroptimisteurope.org\/wp-content\/uploads\/2017\/07\/katana-gege-bukuru.jpg","large-width":547,"large-height":652,"1536x1536":"https:\/\/www.soroptimisteurope.org\/wp-content\/uploads\/2017\/07\/katana-gege-bukuru.jpg","1536x1536-width":547,"1536x1536-height":652,"2048x2048":"https:\/\/www.soroptimisteurope.org\/wp-content\/uploads\/2017\/07\/katana-gege-bukuru.jpg","2048x2048-width":547,"2048x2048-height":652}},"about_article_en_avant":false,"about_siege_lien":{"ID":5570,"post_author":"5","post_date":"2017-02-08 11:47:16","post_date_gmt":"2017-02-08 10:47:16","post_content":"<h4><span style=\"color: #004a00;\">DIRECTRICE EX\u00c9CUTIVE<\/span><\/h4>\n<strong>Lora FOSTER<\/strong>\n\n&nbsp;\n<h4><span style=\"color: #004a00;\">RESPONSABLE ADMINISTRATIVE<\/span><\/h4>\n<strong>M\u00e9lissa COTON<\/strong>\n\n&nbsp;\n<h4><span style=\"color: #004a00;\">RESPONSABLE DE PROGRAMME SENIOR<\/span><\/h4>\n<strong>Bintou KO\u00cfTA<\/strong>\n\n&nbsp;\n<h4><span style=\"color: #004a00;\">RESPONSABLE COMMUNICATION & \u00c9V\u00c9NEMENTS<\/span><\/h4>\n<strong>Virginie Racine<\/strong>","post_title":"Secr\u00e9tariat Permanent du Soroptimist International d'Europe \u00e0 Gen\u00e8ve","post_excerpt":"","post_status":"publish","comment_status":"open","ping_status":"open","post_password":"","post_name":"secretariat-europeen-permanent-soroptimist-international-of-europe-a-geneve","to_ping":"","pinged":"","post_modified":"2025-05-13 11:15:43","post_modified_gmt":"2025-05-13 09:15:43","post_content_filtered":"","post_parent":0,"guid":"http:\/\/www.soroptimisteurope.org\/fr\/?p=5570","menu_order":0,"post_type":"post","post_mime_type":"","comment_count":"0","filter":"raw"},"about_video_bloc_droite":"https:\/\/youtu.be\/TYcs0NDVWgk","about_bureau_lien":{"ID":7731,"post_author":"5","post_date":"2016-09-21 14:37:37","post_date_gmt":"2016-09-21 13:37:37","post_content":"Les autres membres qui composent le Bureau sont titulaires de postes align\u00e9s aux objectifs strat\u00e9giques, le Leadership Strat\u00e9gique, le Programme et le Lobbying, la Communication et le D\u00e9veloppement Institutionnel \/ extension. Le r\u00f4le principal du Bureau est de diriger l'organisation et la r\u00e9alisation du plan strat\u00e9gique, ses buts et objectifs. Ensemble, les membres \u00e9laborent et mettent en \u0153uvre un Business Plan pour une p\u00e9riode de deux ans. Le Bureau rend compte de ses activit\u00e9s \u00e0 la R\u00e9union des Gouverneures.","post_title":"Bureau du Soroptimist International d'Europe","post_excerpt":"Le Bureau de la F\u00e9d\u00e9ration Europ\u00e9enne se compose de la Pr\u00e9sidente, de la Pr\u00e9sidente Elue, de la Pr\u00e9sidente Sortante, de deux Vice-Pr\u00e9sidentes, de la Tr\u00e9sori\u00e8re, de la Directrice de Programme et de la Secr\u00e9taire G\u00e9n\u00e9rale. Ces membres votant sont \u00e9lus pour un mandat de deux ans. Cependant, la Tr\u00e9sori\u00e8re peut \u00eatre r\u00e9-\u00e9lue pour une deuxi\u00e8me mandat de deux ans.","post_status":"publish","comment_status":"open","ping_status":"open","post_password":"","post_name":"soroptimist-board","to_ping":"","pinged":"","post_modified":"2025-05-13 11:15:50","post_modified_gmt":"2025-05-13 09:15:50","post_content_filtered":"","post_parent":0,"guid":"http:\/\/www.soroptimisteurope.org\/fr\/soroptimist-board\/","menu_order":0,"post_type":"post","post_mime_type":"","comment_count":"0","filter":"raw"},"about_siege_fax":"","about_siege_adresse":"Avenue Jules-Crosnier 16"},"yoast_head":"<!-- This site is optimized with the Yoast SEO plugin v27.3 - https:\/\/yoast.com\/product\/yoast-seo-wordpress\/ -->\n<title>Qui sommes-nous ? - Soroptimist<\/title>\n<meta name=\"robots\" content=\"index, follow, max-snippet:-1, max-image-preview:large, max-video-preview:-1\" \/>\n<link rel=\"canonical\" href=\"https:\/\/www.soroptimisteurope.org\/fr\/a-propos\/qui-sommes-nous\/\" \/>\n<meta property=\"og:locale\" content=\"fr_FR\" \/>\n<meta property=\"og:type\" content=\"article\" \/>\n<meta property=\"og:title\" content=\"Qui sommes-nous ? - Soroptimist\" \/>\n<meta property=\"og:description\" content=\"Les Soroptimist sont des femmes professionnellement actives qui travaillent ensemble aux niveaux local, national et international pour \u00e9duquer et autonomiser les femmes et les filles et leur permettre de r\u00e9aliser leur plein potentiel dans le but d\u2019am\u00e9liorer leur vie.\" \/>\n<meta property=\"og:url\" content=\"https:\/\/www.soroptimisteurope.org\/fr\/a-propos\/qui-sommes-nous\/\" \/>\n<meta property=\"og:site_name\" content=\"Soroptimist\" \/>\n<meta property=\"article:modified_time\" content=\"2024-11-11T08:57:00+00:00\" \/>\n<meta name=\"twitter:card\" content=\"summary_large_image\" \/>\n<meta name=\"twitter:label1\" content=\"Dur\u00e9e de lecture estim\u00e9e\" \/>\n\t<meta name=\"twitter:data1\" content=\"1 minute\" \/>\n<script type=\"application\/ld+json\" class=\"yoast-schema-graph\">{\"@context\":\"https:\\\/\\\/schema.org\",\"@graph\":[{\"@type\":\"WebPage\",\"@id\":\"https:\\\/\\\/www.soroptimisteurope.org\\\/fr\\\/a-propos\\\/qui-sommes-nous\\\/\",\"url\":\"https:\\\/\\\/www.soroptimisteurope.org\\\/fr\\\/a-propos\\\/qui-sommes-nous\\\/\",\"name\":\"Qui sommes-nous ? - Soroptimist\",\"isPartOf\":{\"@id\":\"https:\\\/\\\/www.soroptimisteurope.org\\\/#website\"},\"datePublished\":\"2016-08-05T09:52:52+00:00\",\"dateModified\":\"2024-11-11T08:57:00+00:00\",\"breadcrumb\":{\"@id\":\"https:\\\/\\\/www.soroptimisteurope.org\\\/fr\\\/a-propos\\\/qui-sommes-nous\\\/#breadcrumb\"},\"inLanguage\":\"fr-FR\",\"potentialAction\":[{\"@type\":\"ReadAction\",\"target\":[\"https:\\\/\\\/www.soroptimisteurope.org\\\/fr\\\/a-propos\\\/qui-sommes-nous\\\/\"]}]},{\"@type\":\"BreadcrumbList\",\"@id\":\"https:\\\/\\\/www.soroptimisteurope.org\\\/fr\\\/a-propos\\\/qui-sommes-nous\\\/#breadcrumb\",\"itemListElement\":[{\"@type\":\"ListItem\",\"position\":1,\"name\":\"Accueil\",\"item\":\"https:\\\/\\\/www.soroptimisteurope.org\\\/fr\\\/accueil\\\/\"},{\"@type\":\"ListItem\",\"position\":2,\"name\":\"A propos\",\"item\":\"https:\\\/\\\/www.soroptimisteurope.org\\\/about-us-0\\\/\"},{\"@type\":\"ListItem\",\"position\":3,\"name\":\"Qui sommes-nous ?\"}]},{\"@type\":\"WebSite\",\"@id\":\"https:\\\/\\\/www.soroptimisteurope.org\\\/#website\",\"url\":\"https:\\\/\\\/www.soroptimisteurope.org\\\/\",\"name\":\"Soroptimist\",\"description\":\"\",\"potentialAction\":[{\"@type\":\"SearchAction\",\"target\":{\"@type\":\"EntryPoint\",\"urlTemplate\":\"https:\\\/\\\/www.soroptimisteurope.org\\\/?s={search_term_string}\"},\"query-input\":{\"@type\":\"PropertyValueSpecification\",\"valueRequired\":true,\"valueName\":\"search_term_string\"}}],\"inLanguage\":\"fr-FR\"}]}<\/script>\n<!-- \/ Yoast SEO plugin. -->","yoast_head_json":{"title":"Qui sommes-nous ? - Soroptimist","robots":{"index":"index","follow":"follow","max-snippet":"max-snippet:-1","max-image-preview":"max-image-preview:large","max-video-preview":"max-video-preview:-1"},"canonical":"https:\/\/www.soroptimisteurope.org\/fr\/a-propos\/qui-sommes-nous\/","og_locale":"fr_FR","og_type":"article","og_title":"Qui sommes-nous ? - Soroptimist","og_description":"Les Soroptimist sont des femmes professionnellement actives qui travaillent ensemble aux niveaux local, national et international pour \u00e9duquer et autonomiser les femmes et les filles et leur permettre de r\u00e9aliser leur plein potentiel dans le but d\u2019am\u00e9liorer leur vie.","og_url":"https:\/\/www.soroptimisteurope.org\/fr\/a-propos\/qui-sommes-nous\/","og_site_name":"Soroptimist","article_modified_time":"2024-11-11T08:57:00+00:00","twitter_card":"summary_large_image","twitter_misc":{"Dur\u00e9e de lecture estim\u00e9e":"1 minute"},"schema":{"@context":"https:\/\/schema.org","@graph":[{"@type":"WebPage","@id":"https:\/\/www.soroptimisteurope.org\/fr\/a-propos\/qui-sommes-nous\/","url":"https:\/\/www.soroptimisteurope.org\/fr\/a-propos\/qui-sommes-nous\/","name":"Qui sommes-nous ? - Soroptimist","isPartOf":{"@id":"https:\/\/www.soroptimisteurope.org\/#website"},"datePublished":"2016-08-05T09:52:52+00:00","dateModified":"2024-11-11T08:57:00+00:00","breadcrumb":{"@id":"https:\/\/www.soroptimisteurope.org\/fr\/a-propos\/qui-sommes-nous\/#breadcrumb"},"inLanguage":"fr-FR","potentialAction":[{"@type":"ReadAction","target":["https:\/\/www.soroptimisteurope.org\/fr\/a-propos\/qui-sommes-nous\/"]}]},{"@type":"BreadcrumbList","@id":"https:\/\/www.soroptimisteurope.org\/fr\/a-propos\/qui-sommes-nous\/#breadcrumb","itemListElement":[{"@type":"ListItem","position":1,"name":"Accueil","item":"https:\/\/www.soroptimisteurope.org\/fr\/accueil\/"},{"@type":"ListItem","position":2,"name":"A propos","item":"https:\/\/www.soroptimisteurope.org\/about-us-0\/"},{"@type":"ListItem","position":3,"name":"Qui sommes-nous ?"}]},{"@type":"WebSite","@id":"https:\/\/www.soroptimisteurope.org\/#website","url":"https:\/\/www.soroptimisteurope.org\/","name":"Soroptimist","description":"","potentialAction":[{"@type":"SearchAction","target":{"@type":"EntryPoint","urlTemplate":"https:\/\/www.soroptimisteurope.org\/?s={search_term_string}"},"query-input":{"@type":"PropertyValueSpecification","valueRequired":true,"valueName":"search_term_string"}}],"inLanguage":"fr-FR"}]}},"campaignId":"","_links":{"self":[{"href":"https:\/\/www.soroptimisteurope.org\/fr\/wp-json\/wp\/v2\/pages\/756","targetHints":{"allow":["GET"]}}],"collection":[{"href":"https:\/\/www.soroptimisteurope.org\/fr\/wp-json\/wp\/v2\/pages"}],"about":[{"href":"https:\/\/www.soroptimisteurope.org\/fr\/wp-json\/wp\/v2\/types\/page"}],"author":[{"embeddable":true,"href":"https:\/\/www.soroptimisteurope.org\/fr\/wp-json\/wp\/v2\/users\/1"}],"replies":[{"embeddable":true,"href":"https:\/\/www.soroptimisteurope.org\/fr\/wp-json\/wp\/v2\/comments?post=756"}],"version-history":[{"count":54,"href":"https:\/\/www.soroptimisteurope.org\/fr\/wp-json\/wp\/v2\/pages\/756\/revisions"}],"predecessor-version":[{"id":28422,"href":"https:\/\/www.soroptimisteurope.org\/fr\/wp-json\/wp\/v2\/pages\/756\/revisions\/28422"}],"up":[{"embeddable":true,"href":"https:\/\/www.soroptimisteurope.org\/fr\/wp-json\/wp\/v2\/pages\/825"}],"wp:attachment":[{"href":"https:\/\/www.soroptimisteurope.org\/fr\/wp-json\/wp\/v2\/media?parent=756"}],"curies":[{"name":"wp","href":"https:\/\/api.w.org\/{rel}","templated":true}]}}