{"id":811,"date":"2016-09-29T16:26:38","date_gmt":"2016-09-29T15:26:38","guid":{"rendered":"http:\/\/www.soroptimisteurope.org\/fr\/?page_id=811"},"modified":"2024-12-04T09:05:36","modified_gmt":"2024-12-04T08:05:36","slug":"soroptimist-space","status":"publish","type":"page","link":"https:\/\/www.soroptimisteurope.org\/fr\/soroptimist-space\/","title":{"rendered":"Soroptimist space"},"content":{"rendered":"","protected":false},"excerpt":{"rendered":"","protected":false},"author":1,"featured_media":0,"parent":0,"menu_order":79,"comment_status":"closed","ping_status":"closed","template":"page-soropspace.php","meta":{"_acf_changed":false,"give_campaign_id":0,"footnotes":""},"class_list":["post-811","page","type-page","status-publish","hentry"],"acf":{"space_news_liste_gauche":[{"ID":28535,"post_author":"5","post_date":"2024-12-04 08:47:15","post_date_gmt":"2024-12-04 07:47:15","post_content":"Ch\u00e8res amies,\n\n&nbsp;\n\nAlors que nous arrivons \u00e0 la fin de notre campagne \u00ab READ THE SIGNS de la cyberviolence \u00bb - 16 jours d\u2019activisme contre les violences bas\u00e9es sur le genre - prenons un moment pour r\u00e9fl\u00e9chir \u00e0 tout ce que vous avez accompli, non seulement pendant cette campagne, mais tout au long de l\u2019ann\u00e9e. Pensez aux \u00e9tapes importantes que vous avez franchies : la sensibilisation que vous avez suscit\u00e9e, les actions que vous avez inspir\u00e9es et les vies que vous avez touch\u00e9es. Soyez fi\u00e8res de ces r\u00e9alisations et de l\u2019engagement ind\u00e9fectible que vous avez manifest\u00e9 pour promouvoir l\u2019\u00e9galit\u00e9 des genres et lutter contre les violences bas\u00e9es sur le genre, en \u00e9duquant, en cr\u00e9ant des opportunit\u00e9s et en autonomisant les femmes et les filles.\n\n&nbsp;\n<table style=\"height: 79px;\" width=\"654\">\n<tbody>\n<tr>\n<td width=\"200\"><\/td>\n<td width=\"200\"><img class=\"alignnone wp-image-28541 aligncenter\" src=\"https:\/\/www.soroptimisteurope.org\/wp-content\/uploads\/2024\/12\/hafdis-karlsdottir-261-copyxxx-scaled.jpg\" alt=\"\" width=\"294\" height=\"440\" \/><\/td>\n<td width=\"200\"><\/td>\n<\/tr>\n<\/tbody>\n<\/table>\n&nbsp;\n\nAlors que nous entrons dans la saison des f\u00eates, nous reconnaissons les \u00e9motions que ce travail suscite : le poids de savoir que la lutte est loin d\u2019\u00eatre termin\u00e9e et l\u2019espoir qui accompagne chaque petit pas en avant. Et tandis que nous c\u00e9l\u00e9brons cette p\u00e9riode festive, gardons cette cause pr\u00e8s de nos c\u0153urs. Insufflez l\u2019esprit du lobbying dans vos traditions de fin d\u2019ann\u00e9e : transformez les march\u00e9s de No\u00ebl ou les s\u00e9ances d\u2019emballage de cadeaux en collectes de fonds pour des refuges, encouragez les dons significatifs en soutenant, au nom d\u2019un proche, des organisations qui aident les femmes et les filles, et partagez des histoires de r\u00e9silience et d\u2019autonomisation pour inspirer l\u2019espoir et la joie.\n\n&nbsp;\n\nEn m\u00eame temps, n\u2019oublions pas l\u2019importance de prendre soin de nous-m\u00eames et les uns des autres. Le lobbying est exigeant, et vous avez tant donn\u00e9. Profitez de cette p\u00e9riode pour vous ressourcer, vous reposer et savourer des moments de c\u00e9l\u00e9bration. Prenez le temps de consigner vos r\u00e9flexions, d\u2019honorer les petites victoires et de vous projeter dans la nouvelle ann\u00e9e avec une \u00e9nergie et une concentration renouvel\u00e9es.\n\n&nbsp;\n\nLa lutte n\u2019est pas termin\u00e9e, mais pour l\u2019instant, c\u00e9l\u00e9brons les progr\u00e8s r\u00e9alis\u00e9s. Que cette saison des f\u00eates ravive notre esprit, renforce nos liens et nous pr\u00e9pare \u00e0 continuer de faire une diff\u00e9rence dans les mois et ann\u00e9es \u00e0 venir.\n\n&nbsp;\n\nAlors, levons notre verre \u00e0 vous : \u00e0 votre courage, votre d\u00e9vouement et votre impact. \u00c0 une saison de joie et de renouveau. Et \u00e0 l\u2019incroyable travail que nous continuerons d\u2019accomplir ensemble en \u00e9quipe dans la nouvelle ann\u00e9e.\n\n&nbsp;\n\nMerci pour tout ce que vous avez fait et pour l\u2019espoir que vous avez suscit\u00e9. Avan\u00e7ons avec gratitude, c\u00e9l\u00e9bration et la conviction in\u00e9branlable qu\u2019ensemble, nous pouvons changer le monde.\n\n&nbsp;\n\nJoyeuses f\u00eates et merci.","post_title":"R\u00e9flexion sur les r\u00e9ussites et perspectives d'avenir : des F\u00eates plac\u00e9es sous le signe de l'espoir","post_excerpt":"","post_status":"publish","comment_status":"closed","ping_status":"closed","post_password":"","post_name":"reflexion-sur-les-reussites-et-perspectives-davenir-des-fetes-placees-sous-le-signe-de-lespoir","to_ping":"","pinged":"","post_modified":"2025-05-13 11:19:15","post_modified_gmt":"2025-05-13 09:19:15","post_content_filtered":"","post_parent":0,"guid":"https:\/\/www.soroptimisteurope.org\/?p=28535","menu_order":0,"post_type":"post","post_mime_type":"","comment_count":"0","filter":"raw"},{"ID":28518,"post_author":"5","post_date":"2024-12-04 08:54:38","post_date_gmt":"2024-12-04 07:54:38","post_content":"Cr\u00e9er et g\u00e9rer une entreprise en milieu rural est souvent un d\u00e9fi, encore plus pour les femmes. De nombreux obstacles peuvent freiner leur ambition : isolement g\u00e9ographique et social, charge domestique in\u00e9gale, et une faible reconnaissance de leur travail.\n\n&nbsp;\n\nPour r\u00e9pondre \u00e0 ces enjeux, les Soroptimist ont lanc\u00e9 un projet pour valoriser les femmes entrepreneures des zones rurales, quel que soit leur domaine d\u2019activit\u00e9.\n\n&nbsp;\n\nLe Club Soroptimist d\u2019Annecy a organis\u00e9 la 3\u1d49 \u00e9dition de ce troph\u00e9e, un \u00e9v\u00e9nement cl\u00e9 pour mettre en lumi\u00e8re les initiatives des femmes dans des communes rurales dispers\u00e9es. Pendant sept mois, six membres du club ont pr\u00e9par\u00e9 cet \u00e9v\u00e9nement.\n\n&nbsp;\n<ul>\n \t<li>10 candidatures ont \u00e9t\u00e9 re\u00e7ues et \u00e9valu\u00e9es selon des crit\u00e8res pr\u00e9cis,<\/li>\n \t<li>6 entreprises finalistes ont \u00e9t\u00e9 visit\u00e9es,<\/li>\n \t<li>4 prix ont \u00e9t\u00e9 d\u00e9cern\u00e9s lors de la Journ\u00e9e Internationale des Femmes Rurales, le 15 octobre 2024, devant 80 personnes.<\/li>\n<\/ul>\n&nbsp;\n\nChaque candidate a eu cinq minutes pour pr\u00e9senter son activit\u00e9, partageant son parcours et son ambition.\n\n&nbsp;\n<ul>\n \t<li>2 000 \u20ac, attribu\u00e9s par Madame KUDIN, <a href=\"https:\/\/lannuaire.service-public.fr\/auvergne-rhone-alpes\/haute-savoie\/e7dfd613-5e7e-4e9a-81b8-bb5ebc27206a\">D\u00e9l\u00e9gu\u00e9e D\u00e9partementale aux Droits des Femmes<\/a>.<\/li>\n \t<li>1 000 \u20ac, remis par Madame DROUX, marraine du <a href=\"https:\/\/medefhautesavoie.fr\/femmes-du-medef-investir-en-faveur-des-femmes-accelerer-le-rythme\/\">r\u00e9seau des Femmes du MEDEF<\/a>.<\/li>\n \t<li>Deux prix de 500 \u20ac, financ\u00e9s par le Club Soroptimist d\u2019Annecy.<\/li>\n \t<li>Un troph\u00e9e artistique, r\u00e9alis\u00e9 par une participante au salon \u00ab Talents de Femmes \u00bb et remis par Madame OPPILLIART, Sous-Pr\u00e9f\u00e8te de Thonon-les-Bains.<\/li>\n<\/ul>\nLe succ\u00e8s de cet \u00e9v\u00e9nement repose sur une pr\u00e9paration minutieuse :\n\n&nbsp;\n<ul>\n \t<li>Constitution et diffusion des dossiers de candidature.<\/li>\n \t<li>Recherche active de participantes et communication via les r\u00e9seaux sociaux.<\/li>\n \t<li>Analyse et classement des candidatures.<\/li>\n \t<li>Visites des entreprises finalistes.<\/li>\n \t<li>Organisation logistique de la c\u00e9r\u00e9monie (salle, troph\u00e9e, invitations, pr\u00e9sentation PowerPoint).<\/li>\n<\/ul>\n&nbsp;\n\n<img class=\"alignnone wp-image-28506\" src=\"https:\/\/www.soroptimisteurope.org\/wp-content\/uploads\/2024\/12\/download.jpg\" alt=\"\" width=\"647\" height=\"485\" \/>\n\n&nbsp;\n\nCette c\u00e9r\u00e9monie a \u00e9t\u00e9 un moment fort d\u2019\u00e9motion, de partage et de d\u00e9couvertes. Les t\u00e9moignages des candidates ont profond\u00e9ment touch\u00e9 les participants, et leur enthousiasme a encourag\u00e9 le club \u00e0 poursuivre cette initiative dans les ann\u00e9es \u00e0 venir.\n\n&nbsp;\n\nLes participantes ont particuli\u00e8rement appr\u00e9ci\u00e9 cette opportunit\u00e9 de mettre en avant leur travail et de gagner en visibilit\u00e9, tout en renfor\u00e7ant leur motivation et leur confiance en elles.\n\n&nbsp;\n\nCe projet confirme qu\u2019encourager l\u2019entrepreneuriat f\u00e9minin en milieu rural est essentiel pour dynamiser ces territoires et valoriser des initiatives riches de potentiel.","post_title":"Soutenir l'entrepreneuriat f\u00e9minin en milieu rural : le projet des Soroptimist","post_excerpt":"","post_status":"publish","comment_status":"closed","ping_status":"closed","post_password":"","post_name":"soutenir-lentrepreneuriat-feminin-en-milieu-rural-le-projet-des-soroptimist","to_ping":"","pinged":"","post_modified":"2025-05-13 11:19:13","post_modified_gmt":"2025-05-13 09:19:13","post_content_filtered":"","post_parent":0,"guid":"https:\/\/www.soroptimisteurope.org\/?p=28518","menu_order":0,"post_type":"post","post_mime_type":"","comment_count":"0","filter":"raw"}],"space_news_liste_droite":[{"ID":28052,"post_author":"5","post_date":"2024-10-05 16:14:39","post_date_gmt":"2024-10-05 15:14:39","post_content":"Chaque ann\u00e9e, le SIE d\u00e9cerne des prix aux\u00a0projets exceptionnels pour chacun des\u00a0objectifs du SIE: l\u2019\u00e9ducation, l\u2019autonomie financi\u00e8re, la violence \u00e0 l\u2019\u00e9gard des femmes, la sant\u00e9 et s\u00e9curit\u00e9 alimentaire, et le d\u00e9veloppement durable.\n\nLes Soroptimist peuvent\u00a0\u00eatre fi\u00e8res de ces projets\u00a0ph\u00e9nom\u00e9naux et par cons\u00e9quent du soutien apport\u00e9 \u00e0 des milliers de femmes.\n\n&nbsp;\n\nLes projets gagnants sont les suivants :\n\n&nbsp;\n\n<strong>PRIX SP\u00c9CIAL DE LA P\u00c9RIODE BIENNALE DU SIE 2024<\/strong>\nUnion de T\u00fcrkiye\n\n<em>Reconstruire la T\u00fcrkiye : r\u00e9organiser la vie apr\u00e8s les tremblements de terre<\/em>\n\n&nbsp;\n\n<strong>PRIX SP\u00c9CIAL <\/strong>\u00ab <strong>NOUVEAUX MEMBRES ET VISIBILIT\u00c9 <\/strong>\u00bb\n\nUnion d'Autriche\n\n<em>Siolence<\/em>\n\n&nbsp;\n\n<strong>MEILLEUR PROJET D\u2019UNION<\/strong>\nUnion d'Italie\n\n<em>La renaissance de la \"For\u00eat sonore\"<\/em>\n\n&nbsp;\n\n<strong>GAGNANT DANS LA CAT\u00c9GORIE \u00c9DUCATION<\/strong>\nClub de Lisboa Caravela \u2013 PORTUGAL\n\n<em>Tutorat gratuit<\/em>\n\n&nbsp;\n\n<strong>GAGNANT DANS LA CAT\u00c9GORIE AUTONOMIE FINANCI\u00c8RE<\/strong>\nClub d'Aarau \u2013 SUISSE\n\n<em>Des cours sur la finance destin\u00e9s aux femmes<\/em>\n\n&nbsp;\n\n<strong>GAGNANT DANS LA CAT\u00c9GORIE \u00c9RADICATION DE LA VIOLENCE \u00c0 L\u2019\u00c9GARD DES FEMMES<\/strong>\nClub de Ruse \u2013 BULGARIE\n\n<em>Les violences domestiques mises en lumi\u00e8re : Dites non \u00e0 la peur<\/em>\n\n&nbsp;\n\n<strong>GAGNANT DANS LA CAT\u00c9GORIE SANT\u00c9<\/strong>\nClub de Varese \u2013 Italie\n\n<em>Traitement du cancer du sein : le mod\u00e8le \u00ab Breast Unit \u00bb d\u00e9di\u00e9 aux entreprises lombardes<\/em>\n\n&nbsp;\n\n<strong>GAGNANT DANS LA CAT\u00c9GORIE D\u00c9VELOPPEMENT DURABLE<\/strong>\nClubs de Metz et Strasbourg \u2013 FRANCE\n\n<em>\u00ab Des arbres pour la paix \u00bb \u00e0 Verdun : en l'honneur du Dr Suzanne No\u00ebl<\/em>\n\n&nbsp;\n\n<strong>Cliquez<\/strong> sur <strong>l\u2019ic\u00f4ne<\/strong> pour lire la brochure et d\u00e9couvrir les projets gagnants !\n\n<a href=\"https:\/\/www.soroptimisteurope.org\/wp-content\/uploads\/2016\/11\/sie-bpa-brochure-fr-2024-final-website-version.pdf\" target=\"_blank\" rel=\"noopener\"><img class=\"alignnone size-medium wp-image-28053\" src=\"https:\/\/www.soroptimisteurope.org\/wp-content\/uploads\/2024\/09\/bpa-cover-fr.png\" alt=\"\" width=\"300\" height=\"300\" \/><\/a>","post_title":"La brochure des Prix des Meilleures Pratiques 2024 est disponible !","post_excerpt":"","post_status":"publish","comment_status":"closed","ping_status":"closed","post_password":"","post_name":"la-brochure-des-prix-des-meilleures-pratiques-2024-est-disponible","to_ping":"","pinged":"","post_modified":"2025-05-13 11:19:11","post_modified_gmt":"2025-05-13 09:19:11","post_content_filtered":"","post_parent":0,"guid":"https:\/\/www.soroptimisteurope.org\/?p=28052","menu_order":0,"post_type":"post","post_mime_type":"","comment_count":"0","filter":"raw"},{"ID":28181,"post_author":"5","post_date":"2024-09-30 13:06:06","post_date_gmt":"2024-09-30 12:06:06","post_content":"<h3>Appel \u00e0 candidatures<\/h3>Depuis plus de vingt ans (<strong>except\u00e9 durant les ann\u00e9es marqu\u00e9es par le Covid<\/strong>), le Prix de la Paix Soroptimist International d\u2019Europe <strong>r\u00e9compense <\/strong>et, peut-\u00eatre plus important encore<strong>, c\u00e9l\u00e8bre les contributions exceptionnelles de femmes visionnaires \u0153uvrant pour l\u2019\u00e9tablissement ou le maintien de la paix, <\/strong>aussi bien au sein de leurs communaut\u00e9s qu\u2019au-del\u00e0.\n\n&nbsp;\n\nPour plus d'informations sur la nomination de candidates cliquez <strong><a href=\"https:\/\/www.soroptimisteurope.org\/wp-content\/uploads\/2024\/09\/peace-prize-form-fr-1.pdf\">ICI<\/a><\/strong>","post_title":"Prix de la Paix Soroptimist International d'Europe 2025","post_excerpt":"","post_status":"publish","comment_status":"closed","ping_status":"closed","post_password":"","post_name":"prix-de-la-paix-soroptimist-international-deurope-2025","to_ping":"","pinged":"","post_modified":"2025-05-13 11:19:11","post_modified_gmt":"2025-05-13 09:19:11","post_content_filtered":"","post_parent":0,"guid":"https:\/\/www.soroptimisteurope.org\/?p=28181","menu_order":0,"post_type":"post","post_mime_type":"","comment_count":"0","filter":"raw"}],"space_official_event":false,"space_news_en_avant":[{"ID":5612,"post_author":"5","post_date":"2017-02-13 15:19:47","post_date_gmt":"2017-02-13 14:19:47","post_content":"<h3>Fonds des Bourses d'\u00e9tude<\/h3>Les membres du Soroptimist International d\u2019Europe contribuent au Fonds des Bourses du SIE \u00e0 travers leur cotisation annuelle. L\u2019organisation peut ainsi chaque ann\u00e9e accorder \u00e0 des jeunes femmes des subventions d\u2019un montant de 70'000 \u20ac au total. Les bourses sont susceptibles de couvrir divers besoins, qui vont des frais d\u2019inscription \u00e0 l\u2019universit\u00e9 \u00e0 la formation professionnelle en passant par une aide d\u2019ordre g\u00e9n\u00e9ral pendant les \u00e9tudes.\n\nLes Unions et Clubs soumettent les demandes de leur candidate \u00e0 la Commission des Bourses. Les candidates doivent elles aussi contribuer \u00e0 leur propre \u00e9ducation.\n\nSur la base des informations fournies, la Commission choisit ensuite les b\u00e9n\u00e9ficiaires et le montant qui leur sera accord\u00e9. Ces suggestions sont pr\u00e9sent\u00e9es au Bureau du SIE en vue de leur approbation provisoire. Les Gouverneures confirment ensuite les choix finaux.\n\nAu fil des ann\u00e9es, le SIE a aid\u00e9 des centaines des femmes \u00e0 r\u00e9aliser leur r\u00eave professionnel ! L\u2019accent a \u00e9t\u00e9 mis sur le soutien des femmes et des filles dans les disciplines STIM de la science, des technologies, de l\u2019ing\u00e9nierie et des math\u00e9matiques.<h3>Fonds d'Aide en cas de catastrophe et pour la Reconstruction<\/h3>Les subventions du Fonds d\u2019Aide en cas de catastrophe et pour la Reconstruction ciblent les besoins sp\u00e9ciaux des femmes et des filles suite \u00e0 des catastrophes naturelles ou des conflits arm\u00e9s. Si la nature des catastrophes suscite souvent le d\u00e9sir d\u2019offrir une aide imm\u00e9diate, l\u2019exp\u00e9rience montre que les projets fournissant une assistance \u00e0 plus long terme sont plus durables et efficaces.\n\nLes Clubs et Unions de toutes les r\u00e9gions peuvent demander des subventions d\u2019un montant de jusqu\u2019\u00e0 15 000 \u20ac pour aider les femmes et les filles \u00e0 se remettre de catastrophes comme des tremblements de terre, des inondations, des tsunamis, des temp\u00eates et des \u00e9ruptions volcaniques. Le Fonds d\u2019Aide en cas de catastrophe et pour la Reconstruction a subventionn\u00e9 des projets au b\u00e9n\u00e9fice des victimes des inondations dans les Balkans, des r\u00e9fugi\u00e9s syriens dans les camps de Turquie, des survivants du typhon Haiyan aux Philippines et des communaut\u00e9s touch\u00e9es par les tremblements de terre en Italie.\n\n&nbsp;\n\nLes Soroptimist peuvent adresser leur projet pour obtenir une subvention de ce fonds en contactant le Secr\u00e9tariat Europ\u00e9en Permanent \u00e0 l'adresse siehq[at]soroptimisteurope.org.<h3>Fonds d'Action du SIE<\/h3><h2><img class=\"alignnone size-medium wp-image-5194\" src=\"https:\/\/www.soroptimisteurope.org\/wp-content\/uploads\/2016\/12\/action-fund.jpg\" alt=\"action_fund\" width=\"300\" height=\"187\" \/><\/h2>\nLe Fonds d\u2019Action du SIE alloue chaque ann\u00e9e des subventions pour soutenir des projets humanitaires et promouvoir des programmes \u00e9ducatifs \u00e0 l\u2019attention des femmes et des filles. Les projets sont s\u00e9lectionn\u00e9s \u00e0 partir de suggestions soumises par les Unions et les Clubs.\n\n&nbsp;\n\nLes Unions et les Clubs ayant obtenu l\u2019autorisation de leur Union peuvent solliciter une subvention du Fonds d\u2019Action. Vous trouverez des informations compl\u00e8tes et le formulaire de demande dans la section r\u00e9serv\u00e9e aux membres du SIE, sous T\u00e9l\u00e9chargements > Fonds du SIE > Fonds d\u2019Action.","post_title":"Fonds pour les Bourses d'\u00e9tude, Fonds d'Action et Fonds d'Aide pour la Reconstruction","post_excerpt":"","post_status":"publish","comment_status":"open","ping_status":"open","post_password":"","post_name":"fonds-bourses-detude-fonds-daction-fonds-reconstruction","to_ping":"","pinged":"","post_modified":"2025-05-13 11:15:43","post_modified_gmt":"2025-05-13 09:15:43","post_content_filtered":"","post_parent":0,"guid":"http:\/\/www.soroptimisteurope.org\/fr\/?p=5612","menu_order":0,"post_type":"post","post_mime_type":"","comment_count":"0","filter":"raw"}]},"yoast_head":"<!-- This site is optimized with the Yoast SEO plugin v27.3 - https:\/\/yoast.com\/product\/yoast-seo-wordpress\/ -->\n<title>Soroptimist space - Soroptimist<\/title>\n<meta name=\"robots\" content=\"index, follow, max-snippet:-1, max-image-preview:large, max-video-preview:-1\" \/>\n<link rel=\"canonical\" href=\"https:\/\/www.soroptimisteurope.org\/soroptimist-space\/\" \/>\n<meta property=\"og:locale\" content=\"fr_FR\" \/>\n<meta property=\"og:type\" content=\"article\" \/>\n<meta property=\"og:title\" content=\"Soroptimist space - Soroptimist\" \/>\n<meta property=\"og:url\" content=\"https:\/\/www.soroptimisteurope.org\/soroptimist-space\/\" \/>\n<meta property=\"og:site_name\" content=\"Soroptimist\" \/>\n<meta property=\"article:modified_time\" content=\"2024-12-04T08:05:36+00:00\" \/>\n<meta name=\"twitter:card\" content=\"summary_large_image\" \/>\n<script type=\"application\/ld+json\" class=\"yoast-schema-graph\">{\"@context\":\"https:\\\/\\\/schema.org\",\"@graph\":[{\"@type\":\"WebPage\",\"@id\":\"https:\\\/\\\/www.soroptimisteurope.org\\\/soroptimist-space\\\/\",\"url\":\"https:\\\/\\\/www.soroptimisteurope.org\\\/soroptimist-space\\\/\",\"name\":\"Soroptimist space - Soroptimist\",\"isPartOf\":{\"@id\":\"https:\\\/\\\/www.soroptimisteurope.org\\\/#website\"},\"datePublished\":\"2016-09-29T15:26:38+00:00\",\"dateModified\":\"2024-12-04T08:05:36+00:00\",\"breadcrumb\":{\"@id\":\"https:\\\/\\\/www.soroptimisteurope.org\\\/soroptimist-space\\\/#breadcrumb\"},\"inLanguage\":\"fr-FR\",\"potentialAction\":[{\"@type\":\"ReadAction\",\"target\":[\"https:\\\/\\\/www.soroptimisteurope.org\\\/soroptimist-space\\\/\"]}]},{\"@type\":\"BreadcrumbList\",\"@id\":\"https:\\\/\\\/www.soroptimisteurope.org\\\/soroptimist-space\\\/#breadcrumb\",\"itemListElement\":[{\"@type\":\"ListItem\",\"position\":1,\"name\":\"Accueil\",\"item\":\"https:\\\/\\\/www.soroptimisteurope.org\\\/fr\\\/accueil\\\/\"},{\"@type\":\"ListItem\",\"position\":2,\"name\":\"Soroptimist space\"}]},{\"@type\":\"WebSite\",\"@id\":\"https:\\\/\\\/www.soroptimisteurope.org\\\/#website\",\"url\":\"https:\\\/\\\/www.soroptimisteurope.org\\\/\",\"name\":\"Soroptimist\",\"description\":\"\",\"potentialAction\":[{\"@type\":\"SearchAction\",\"target\":{\"@type\":\"EntryPoint\",\"urlTemplate\":\"https:\\\/\\\/www.soroptimisteurope.org\\\/?s={search_term_string}\"},\"query-input\":{\"@type\":\"PropertyValueSpecification\",\"valueRequired\":true,\"valueName\":\"search_term_string\"}}],\"inLanguage\":\"fr-FR\"}]}<\/script>\n<!-- \/ Yoast SEO plugin. -->","yoast_head_json":{"title":"Soroptimist space - Soroptimist","robots":{"index":"index","follow":"follow","max-snippet":"max-snippet:-1","max-image-preview":"max-image-preview:large","max-video-preview":"max-video-preview:-1"},"canonical":"https:\/\/www.soroptimisteurope.org\/soroptimist-space\/","og_locale":"fr_FR","og_type":"article","og_title":"Soroptimist space - Soroptimist","og_url":"https:\/\/www.soroptimisteurope.org\/soroptimist-space\/","og_site_name":"Soroptimist","article_modified_time":"2024-12-04T08:05:36+00:00","twitter_card":"summary_large_image","schema":{"@context":"https:\/\/schema.org","@graph":[{"@type":"WebPage","@id":"https:\/\/www.soroptimisteurope.org\/soroptimist-space\/","url":"https:\/\/www.soroptimisteurope.org\/soroptimist-space\/","name":"Soroptimist space - Soroptimist","isPartOf":{"@id":"https:\/\/www.soroptimisteurope.org\/#website"},"datePublished":"2016-09-29T15:26:38+00:00","dateModified":"2024-12-04T08:05:36+00:00","breadcrumb":{"@id":"https:\/\/www.soroptimisteurope.org\/soroptimist-space\/#breadcrumb"},"inLanguage":"fr-FR","potentialAction":[{"@type":"ReadAction","target":["https:\/\/www.soroptimisteurope.org\/soroptimist-space\/"]}]},{"@type":"BreadcrumbList","@id":"https:\/\/www.soroptimisteurope.org\/soroptimist-space\/#breadcrumb","itemListElement":[{"@type":"ListItem","position":1,"name":"Accueil","item":"https:\/\/www.soroptimisteurope.org\/fr\/accueil\/"},{"@type":"ListItem","position":2,"name":"Soroptimist space"}]},{"@type":"WebSite","@id":"https:\/\/www.soroptimisteurope.org\/#website","url":"https:\/\/www.soroptimisteurope.org\/","name":"Soroptimist","description":"","potentialAction":[{"@type":"SearchAction","target":{"@type":"EntryPoint","urlTemplate":"https:\/\/www.soroptimisteurope.org\/?s={search_term_string}"},"query-input":{"@type":"PropertyValueSpecification","valueRequired":true,"valueName":"search_term_string"}}],"inLanguage":"fr-FR"}]}},"campaignId":"","_links":{"self":[{"href":"https:\/\/www.soroptimisteurope.org\/fr\/wp-json\/wp\/v2\/pages\/811","targetHints":{"allow":["GET"]}}],"collection":[{"href":"https:\/\/www.soroptimisteurope.org\/fr\/wp-json\/wp\/v2\/pages"}],"about":[{"href":"https:\/\/www.soroptimisteurope.org\/fr\/wp-json\/wp\/v2\/types\/page"}],"author":[{"embeddable":true,"href":"https:\/\/www.soroptimisteurope.org\/fr\/wp-json\/wp\/v2\/users\/1"}],"replies":[{"embeddable":true,"href":"https:\/\/www.soroptimisteurope.org\/fr\/wp-json\/wp\/v2\/comments?post=811"}],"version-history":[{"count":257,"href":"https:\/\/www.soroptimisteurope.org\/fr\/wp-json\/wp\/v2\/pages\/811\/revisions"}],"predecessor-version":[{"id":28550,"href":"https:\/\/www.soroptimisteurope.org\/fr\/wp-json\/wp\/v2\/pages\/811\/revisions\/28550"}],"wp:attachment":[{"href":"https:\/\/www.soroptimisteurope.org\/fr\/wp-json\/wp\/v2\/media?parent=811"}],"curies":[{"name":"wp","href":"https:\/\/api.w.org\/{rel}","templated":true}]}}