{"id":836,"date":"2016-09-30T09:44:53","date_gmt":"2016-09-30T08:44:53","guid":{"rendered":"http:\/\/www.soroptimisteurope.org\/fr\/?page_id=836"},"modified":"2017-11-28T12:43:39","modified_gmt":"2017-11-28T11:43:39","slug":"donner","status":"publish","type":"page","link":"https:\/\/www.soroptimisteurope.org\/fr\/donner\/","title":{"rendered":"Faire un don"},"content":{"rendered":"<p>Dans la mesure o\u00f9 les besoins des femmes ne sont pas identiques \u00e0 travers le monde,\u00a0les projets Soroptimist prennent des formes vari\u00e9es. Cela dit, tous les projets Soroptimist ont trois points\u00a0en commun :<\/p>\n<ul>\n<li>Ils r\u00e9pondent \u00e0 un besoin local<\/li>\n<li>Ils sont conceptualis\u00e9s et mis en \u0153uvre au niveau local<\/li>\n<li>Leur principal objectif est d&rsquo;apporter des am\u00e9liorations concr\u00e8tes dans la vie des femmes et des filles.<\/li>\n<\/ul>\n","protected":false},"excerpt":{"rendered":"<p>Chaque ann\u00e9e, les Soroptimist con\u00e7oivent, financent et mettent en place des milliers de projets au profit des femmes et des filles dans leur communaut\u00e9.<\/p>\n","protected":false},"author":1,"featured_media":0,"parent":0,"menu_order":81,"comment_status":"closed","ping_status":"closed","template":"donations.php","meta":{"_acf_changed":false,"give_campaign_id":0,"footnotes":""},"class_list":["post-836","page","type-page","status-publish","hentry"],"acf":{"donations_image_principale":{"ID":560,"id":560,"title":"dons-couv02","filename":"dons-couv02.jpg","filesize":233960,"url":"https:\/\/www.soroptimisteurope.org\/wp-content\/uploads\/2016\/08\/dons-couv02.jpg","link":"https:\/\/www.soroptimisteurope.org\/fr\/dons-couv02\/","alt":"","author":"1","description":"","caption":"","name":"dons-couv02","status":"inherit","uploaded_to":0,"date":"2016-08-30 10:05:26","modified":"2016-09-26 14:26:55","menu_order":0,"mime_type":"image\/jpeg","type":"image","subtype":"jpeg","icon":"https:\/\/www.soroptimisteurope.org\/wp-content\/plugins\/media-library-assistant\/images\/crystal\/image.png","width":1280,"height":623,"sizes":{"thumbnail":"https:\/\/www.soroptimisteurope.org\/wp-content\/uploads\/2016\/08\/dons-couv02-150x150.jpg","thumbnail-width":150,"thumbnail-height":150,"medium":"https:\/\/www.soroptimisteurope.org\/wp-content\/uploads\/2016\/08\/dons-couv02-300x146.jpg","medium-width":300,"medium-height":146,"medium_large":"https:\/\/www.soroptimisteurope.org\/wp-content\/uploads\/2016\/08\/dons-couv02-768x374.jpg","medium_large-width":768,"medium_large-height":374,"large":"https:\/\/www.soroptimisteurope.org\/wp-content\/uploads\/2016\/08\/dons-couv02-1024x498.jpg","large-width":800,"large-height":389,"1536x1536":"https:\/\/www.soroptimisteurope.org\/wp-content\/uploads\/2016\/08\/dons-couv02.jpg","1536x1536-width":1280,"1536x1536-height":623,"2048x2048":"https:\/\/www.soroptimisteurope.org\/wp-content\/uploads\/2016\/08\/dons-couv02.jpg","2048x2048-width":1280,"2048x2048-height":623}},"donations_cacher_chiffres":true},"yoast_head":"<!-- This site is optimized with the Yoast SEO plugin v27.6 - https:\/\/yoast.com\/product\/yoast-seo-wordpress\/ -->\n<title>Faire un don - Soroptimist<\/title>\n<meta name=\"robots\" content=\"index, follow, max-snippet:-1, max-image-preview:large, max-video-preview:-1\" \/>\n<link rel=\"canonical\" href=\"https:\/\/www.soroptimisteurope.org\/donations\/\" \/>\n<meta property=\"og:locale\" content=\"fr_FR\" \/>\n<meta property=\"og:type\" content=\"article\" \/>\n<meta property=\"og:title\" content=\"Faire un don - Soroptimist\" \/>\n<meta property=\"og:description\" content=\"Chaque ann\u00e9e, les Soroptimist con\u00e7oivent, financent et mettent en place des milliers de projets au profit des femmes et des filles dans leur communaut\u00e9.\" \/>\n<meta property=\"og:url\" content=\"https:\/\/www.soroptimisteurope.org\/donations\/\" \/>\n<meta property=\"og:site_name\" content=\"Soroptimist\" \/>\n<meta property=\"article:modified_time\" content=\"2017-11-28T11:43:39+00:00\" \/>\n<meta name=\"twitter:card\" content=\"summary_large_image\" \/>\n<script type=\"application\/ld+json\" class=\"yoast-schema-graph\">{\"@context\":\"https:\\\/\\\/schema.org\",\"@graph\":[{\"@type\":\"WebPage\",\"@id\":\"https:\\\/\\\/www.soroptimisteurope.org\\\/donations\\\/\",\"url\":\"https:\\\/\\\/www.soroptimisteurope.org\\\/donations\\\/\",\"name\":\"Faire un don - Soroptimist\",\"isPartOf\":{\"@id\":\"https:\\\/\\\/www.soroptimisteurope.org\\\/#website\"},\"datePublished\":\"2016-09-30T08:44:53+00:00\",\"dateModified\":\"2017-11-28T11:43:39+00:00\",\"breadcrumb\":{\"@id\":\"https:\\\/\\\/www.soroptimisteurope.org\\\/donations\\\/#breadcrumb\"},\"inLanguage\":\"fr-FR\",\"potentialAction\":[{\"@type\":\"ReadAction\",\"target\":[\"https:\\\/\\\/www.soroptimisteurope.org\\\/donations\\\/\"]}]},{\"@type\":\"BreadcrumbList\",\"@id\":\"https:\\\/\\\/www.soroptimisteurope.org\\\/donations\\\/#breadcrumb\",\"itemListElement\":[{\"@type\":\"ListItem\",\"position\":1,\"name\":\"Accueil\",\"item\":\"https:\\\/\\\/www.soroptimisteurope.org\\\/fr\\\/\"},{\"@type\":\"ListItem\",\"position\":2,\"name\":\"Faire un don\"}]},{\"@type\":\"WebSite\",\"@id\":\"https:\\\/\\\/www.soroptimisteurope.org\\\/#website\",\"url\":\"https:\\\/\\\/www.soroptimisteurope.org\\\/\",\"name\":\"Soroptimist\",\"description\":\"\",\"potentialAction\":[{\"@type\":\"SearchAction\",\"target\":{\"@type\":\"EntryPoint\",\"urlTemplate\":\"https:\\\/\\\/www.soroptimisteurope.org\\\/?s={search_term_string}\"},\"query-input\":{\"@type\":\"PropertyValueSpecification\",\"valueRequired\":true,\"valueName\":\"search_term_string\"}}],\"inLanguage\":\"fr-FR\"}]}<\/script>\n<!-- \/ Yoast SEO plugin. -->","yoast_head_json":{"title":"Faire un don - Soroptimist","robots":{"index":"index","follow":"follow","max-snippet":"max-snippet:-1","max-image-preview":"max-image-preview:large","max-video-preview":"max-video-preview:-1"},"canonical":"https:\/\/www.soroptimisteurope.org\/donations\/","og_locale":"fr_FR","og_type":"article","og_title":"Faire un don - Soroptimist","og_description":"Chaque ann\u00e9e, les Soroptimist con\u00e7oivent, financent et mettent en place des milliers de projets au profit des femmes et des filles dans leur communaut\u00e9.","og_url":"https:\/\/www.soroptimisteurope.org\/donations\/","og_site_name":"Soroptimist","article_modified_time":"2017-11-28T11:43:39+00:00","twitter_card":"summary_large_image","schema":{"@context":"https:\/\/schema.org","@graph":[{"@type":"WebPage","@id":"https:\/\/www.soroptimisteurope.org\/donations\/","url":"https:\/\/www.soroptimisteurope.org\/donations\/","name":"Faire un don - Soroptimist","isPartOf":{"@id":"https:\/\/www.soroptimisteurope.org\/#website"},"datePublished":"2016-09-30T08:44:53+00:00","dateModified":"2017-11-28T11:43:39+00:00","breadcrumb":{"@id":"https:\/\/www.soroptimisteurope.org\/donations\/#breadcrumb"},"inLanguage":"fr-FR","potentialAction":[{"@type":"ReadAction","target":["https:\/\/www.soroptimisteurope.org\/donations\/"]}]},{"@type":"BreadcrumbList","@id":"https:\/\/www.soroptimisteurope.org\/donations\/#breadcrumb","itemListElement":[{"@type":"ListItem","position":1,"name":"Accueil","item":"https:\/\/www.soroptimisteurope.org\/fr\/"},{"@type":"ListItem","position":2,"name":"Faire un don"}]},{"@type":"WebSite","@id":"https:\/\/www.soroptimisteurope.org\/#website","url":"https:\/\/www.soroptimisteurope.org\/","name":"Soroptimist","description":"","potentialAction":[{"@type":"SearchAction","target":{"@type":"EntryPoint","urlTemplate":"https:\/\/www.soroptimisteurope.org\/?s={search_term_string}"},"query-input":{"@type":"PropertyValueSpecification","valueRequired":true,"valueName":"search_term_string"}}],"inLanguage":"fr-FR"}]}},"campaignId":"","_links":{"self":[{"href":"https:\/\/www.soroptimisteurope.org\/fr\/wp-json\/wp\/v2\/pages\/836","targetHints":{"allow":["GET"]}}],"collection":[{"href":"https:\/\/www.soroptimisteurope.org\/fr\/wp-json\/wp\/v2\/pages"}],"about":[{"href":"https:\/\/www.soroptimisteurope.org\/fr\/wp-json\/wp\/v2\/types\/page"}],"author":[{"embeddable":true,"href":"https:\/\/www.soroptimisteurope.org\/fr\/wp-json\/wp\/v2\/users\/1"}],"replies":[{"embeddable":true,"href":"https:\/\/www.soroptimisteurope.org\/fr\/wp-json\/wp\/v2\/comments?post=836"}],"version-history":[{"count":0,"href":"https:\/\/www.soroptimisteurope.org\/fr\/wp-json\/wp\/v2\/pages\/836\/revisions"}],"wp:attachment":[{"href":"https:\/\/www.soroptimisteurope.org\/fr\/wp-json\/wp\/v2\/media?parent=836"}],"curies":[{"name":"wp","href":"https:\/\/api.w.org\/{rel}","templated":true}]}}